{"id":98,"date":"2016-05-31T13:47:22","date_gmt":"2016-05-31T13:47:22","guid":{"rendered":"http:\/\/sandradinis.info\/paroquia\/?page_id=98"},"modified":"2016-07-18T15:41:29","modified_gmt":"2016-07-18T15:41:29","slug":"refeitorio-social-2","status":"publish","type":"page","link":"https:\/\/www.paroquiafatima.pt\/paroquia\/?page_id=98","title":{"rendered":"Refeit\u00f3rio Social"},"content":{"rendered":"<h3>Breve descri\u00e7\u00e3o da resposta social<\/h3>\n<p>O Refeit\u00f3rio Social tem como finalidade dar resposta a pessoas sem-abrigo, passantes, toxicodependentes, pessoas desintegradas, na cidade de Viana do Castelo, em situa\u00e7\u00e3o de risco ou de perda de inclus\u00e3o social por per\u00edodo tempor\u00e1rio ou permanente, contribuindo para que tenham uma vida digna, confort\u00e1vel e saud\u00e1vel, prestando ajuda direta ao exclu\u00eddo social.<br \/>\nDestina-se a receber exclu\u00eddos de ambos os sexos, a partir dos 18 anos e, excecionalmente, de outras idades quando acompanhados pelos seus progenitores. Em primeira inst\u00e2ncia, d\u00e1 resposta \u00e0s necessidades da Par\u00f3quia de Nossa Senhora de F\u00e1tima ou do concelho, bem como dos utentes encaminhados pelo Centro Distrital de Solidariedade e Seguran\u00e7a Social, de acordo com o protocolo estabelecido.<br \/>\nEsta resposta foi fundada em 1990 e est\u00e1 sedeado na Rua das Bandeira,639, em Viana do Castelo, com capacidade para 36 utentes. Atualmente serve-se uma m\u00e9dia de 7 almo\u00e7os e 70 jantares todos os dias do ano.<\/p>\n<p>&nbsp;<\/p>\n<h3>Objetivos da resposta social<\/h3>\n<p>&#8211; Satisfazer as necessidades alimentares b\u00e1sicas (Alimenta\u00e7\u00e3o e higiene) dos indiv\u00edduos e dos agregados familiares que se encontram em situa\u00e7\u00e3o de vulnerabilidade socioecon\u00f3mica<br \/>\n&#8211; Promover a autoestima atrav\u00e9s da pr\u00e1tica de h\u00e1bitos de higiene<br \/>\n&#8211; Promover momentos de socializa\u00e7\u00e3o<br \/>\n&#8211; Sinalizar e diagnosticar situa\u00e7\u00f5es, tendo em vista encaminhamento<br \/>\n&#8211; Prestar apoio psicossocial de modo a contribuir para o bem estar das pessoas<\/p>\n<p>&nbsp;<\/p>\n<h3>Servi\u00e7os prestados e recursos<\/h3>\n<p>&#8211; Atendimento\/sinaliza\u00e7\u00e3o e diagn\u00f3stico das situa\u00e7\u00f5es, tendo em vista o seu encaminhamento<br \/>\n&#8211; Confe\u00e7\u00e3o e servi\u00e7o da alimenta\u00e7\u00e3o (almo\u00e7o e jantar)<br \/>\n&#8211; Higiene pessoal nas instala\u00e7\u00f5es do Refeit\u00f3rio Social<br \/>\n&#8211; Fornecimento, eventual, de roupa lavada<br \/>\n&#8211; Presta\u00e7\u00e3o, eventual, de servi\u00e7os m\u00e9dicos e de enfermagem<\/p>\n<p>&nbsp;<\/p>\n<h3><\/h3>\n<h3>Organiza\u00e7\u00e3o interna<\/h3>\n<p><strong>&#8211; Dire\u00e7\u00e3o:<\/strong><br \/>\nCompete \u00e0 Dire\u00e7\u00e3o do Centro Social e Paroquial de Nossa Senhora de F\u00e1tima aprovar todas as atividades desenvolvidas na resposta social e supervisionar a gest\u00e3o de recursos humanos, econ\u00f3micos e financeiros assim como os servi\u00e7os que s\u00e3o prestados.<br \/>\n<strong>&#8211; Coordena\u00e7\u00e3o T\u00e9cnica:<\/strong><br \/>\nO refeit\u00f3rio social \u00e9 coordenado por um t\u00e9cnico superior, que em termos hier\u00e1rquicos, responde perante a dire\u00e7\u00e3o do Centro Social e Paroquial de Nossa Senhora de F\u00e1tima, pelo funcionamento, disciplina e efici\u00eancia dos servi\u00e7os.<br \/>\n<strong>&#8211; Equipa T\u00e9cnica:<\/strong><br \/>\nT\u00e9cnica Superior de Servi\u00e7o Social<br \/>\nSoci\u00f3logo<br \/>\n<strong>&#8211; Equipa n\u00e3o T\u00e9cnica:<\/strong><br \/>\nCozinheiro\/a;<br \/>\nAuxiliar de servi\u00e7os gerais;<br \/>\nAjudante de Cozinha.<\/p>\n<p>&nbsp;<\/p>\n<div class=\"synved-social-container synved-social-container-share\" style=\"text-align: center\"><a class=\"synved-social-button synved-social-button-share synved-social-size-24 synved-social-resolution-single synved-social-provider-facebook nolightbox\" data-provider=\"facebook\" target=\"_blank\" rel=\"nofollow\" title=\"Share on Facebook\" href=\"http:\/\/www.facebook.com\/sharer.php?u=https%3A%2F%2Fwww.paroquiafatima.pt%2Fparoquia%2Findex.php%3Frest_route%3D%252Fwp%252Fv2%252Fpages%252F98&#038;t=Refeit%C3%B3rio%20Social&#038;s=100&#038;p&#091;url&#093;=https%3A%2F%2Fwww.paroquiafatima.pt%2Fparoquia%2Findex.php%3Frest_route%3D%252Fwp%252Fv2%252Fpages%252F98&#038;p&#091;images&#093;&#091;0&#093;=&#038;p&#091;title&#093;=Refeit%C3%B3rio%20Social\" style=\"font-size: 0px; width:24px;height:24px;margin:0;margin-bottom:7px;margin-right:7px;\"><img alt=\"Facebook\" title=\"Share on Facebook\" class=\"synved-share-image synved-social-image synved-social-image-share\" width=\"24\" height=\"24\" style=\"display: inline; width:24px;height:24px; margin: 0; padding: 0; border: none; box-shadow: none;\" src=\"https:\/\/www.paroquiafatima.pt\/paroquia\/wp-content\/plugins\/social-media-feather\/synved-social\/image\/social\/regular\/48x48\/facebook.png\" \/><\/a><a class=\"synved-social-button synved-social-button-share synved-social-size-24 synved-social-resolution-single synved-social-provider-twitter nolightbox\" data-provider=\"twitter\" target=\"_blank\" rel=\"nofollow\" title=\"Share on Twitter\" href=\"https:\/\/twitter.com\/intent\/tweet?url=https%3A%2F%2Fwww.paroquiafatima.pt%2Fparoquia%2Findex.php%3Frest_route%3D%252Fwp%252Fv2%252Fpages%252F98&#038;text=Hey%20check%20this%20out\" style=\"font-size: 0px; width:24px;height:24px;margin:0;margin-bottom:7px;margin-right:7px;\"><img alt=\"twitter\" title=\"Share on Twitter\" class=\"synved-share-image synved-social-image synved-social-image-share\" width=\"24\" height=\"24\" style=\"display: inline; width:24px;height:24px; margin: 0; padding: 0; border: none; box-shadow: none;\" src=\"https:\/\/www.paroquiafatima.pt\/paroquia\/wp-content\/plugins\/social-media-feather\/synved-social\/image\/social\/regular\/48x48\/twitter.png\" \/><\/a><a class=\"synved-social-button synved-social-button-share synved-social-size-24 synved-social-resolution-single synved-social-provider-mail nolightbox\" data-provider=\"mail\" rel=\"nofollow\" title=\"Share by email\" href=\"mailto:?subject=Refeit%C3%B3rio%20Social&#038;body=Hey%20check%20this%20out:%20https%3A%2F%2Fwww.paroquiafatima.pt%2Fparoquia%2Findex.php%3Frest_route%3D%252Fwp%252Fv2%252Fpages%252F98\" style=\"font-size: 0px; width:24px;height:24px;margin:0;margin-bottom:7px;\"><img alt=\"mail\" title=\"Share by email\" class=\"synved-share-image synved-social-image synved-social-image-share\" width=\"24\" height=\"24\" style=\"display: inline; width:24px;height:24px; margin: 0; padding: 0; border: none; box-shadow: none;\" src=\"https:\/\/www.paroquiafatima.pt\/paroquia\/wp-content\/plugins\/social-media-feather\/synved-social\/image\/social\/regular\/48x48\/mail.png\" \/><\/a><\/div>","protected":false},"excerpt":{"rendered":"<p>Breve descri\u00e7\u00e3o da resposta social O Refeit\u00f3rio Social tem como finalidade dar resposta a pessoas sem-abrigo, passantes, toxicodependentes, pessoas desintegradas, na cidade de Viana do Castelo, em situa\u00e7\u00e3o de risco ou de perda de inclus\u00e3o social por per\u00edodo tempor\u00e1rio ou permanente, contribuindo para que tenham uma vida digna, confort\u00e1vel e [&hellip;]<\/p>\n","protected":false},"author":7,"featured_media":0,"parent":0,"menu_order":0,"comment_status":"closed","ping_status":"closed","template":"","meta":[],"_links":{"self":[{"href":"https:\/\/www.paroquiafatima.pt\/paroquia\/index.php?rest_route=\/wp\/v2\/pages\/98"}],"collection":[{"href":"https:\/\/www.paroquiafatima.pt\/paroquia\/index.php?rest_route=\/wp\/v2\/pages"}],"about":[{"href":"https:\/\/www.paroquiafatima.pt\/paroquia\/index.php?rest_route=\/wp\/v2\/types\/page"}],"author":[{"embeddable":true,"href":"https:\/\/www.paroquiafatima.pt\/paroquia\/index.php?rest_route=\/wp\/v2\/users\/7"}],"replies":[{"embeddable":true,"href":"https:\/\/www.paroquiafatima.pt\/paroquia\/index.php?rest_route=%2Fwp%2Fv2%2Fcomments&post=98"}],"version-history":[{"count":1,"href":"https:\/\/www.paroquiafatima.pt\/paroquia\/index.php?rest_route=\/wp\/v2\/pages\/98\/revisions"}],"predecessor-version":[{"id":1458,"href":"https:\/\/www.paroquiafatima.pt\/paroquia\/index.php?rest_route=\/wp\/v2\/pages\/98\/revisions\/1458"}],"wp:attachment":[{"href":"https:\/\/www.paroquiafatima.pt\/paroquia\/index.php?rest_route=%2Fwp%2Fv2%2Fmedia&parent=98"}],"curies":[{"name":"wp","href":"https:\/\/api.w.org\/{rel}","templated":true}]}}