{"id":96,"date":"2016-05-31T13:46:10","date_gmt":"2016-05-31T13:46:10","guid":{"rendered":"http:\/\/sandradinis.info\/paroquia\/?page_id=96"},"modified":"2017-10-02T16:55:42","modified_gmt":"2017-10-02T16:55:42","slug":"servico-de-apoio-domiciliario","status":"publish","type":"page","link":"https:\/\/www.paroquiafatima.pt\/paroquia\/?page_id=96","title":{"rendered":"Servi\u00e7o de Apoio Domicili\u00e1rio"},"content":{"rendered":"<h3>Breve descri\u00e7\u00e3o da resposta social<\/h3>\n<p>A equipa do Servi\u00e7o de Apoio Domicili\u00e1rio \u00e9 uma resposta social que consiste na presta\u00e7\u00e3o de cuidados individualizados e personalizados no domic\u00edlio, a indiv\u00edduos e fam\u00edlias, quando, por motivo de doen\u00e7a, defici\u00eancia, velhice ou outro impedimento, n\u00e3o possam assegurar tempor\u00e1ria e\/ou permanentemente, a satisfa\u00e7\u00e3o das suas necessidades b\u00e1sicas e\/ou atividades da vida di\u00e1ria.<br \/>\nEsta resposta social foi fundada em 2001 atualmente est\u00e1 sedeado na Rua da Bandeira, 639, em Viana do Castelo, com capacidade para 43 utentes.<\/p>\n<p>&nbsp;<\/p>\n<h3>Objetivos da resposta social<\/h3>\n<p>&#8211; Concorrer para a melhoria da qualidade de vida das pessoas e fam\u00edlias<br \/>\n&#8211; Contribuir para a concilia\u00e7\u00e3o da vida familiar e profissional do agregado familiar<br \/>\n&#8211; Contribuir para a perman\u00eancia dos utentes no seu meio habitual de vida, retardando ou evitando o recurso a estruturas residenciais<br \/>\n&#8211; Promover estrat\u00e9gias de desenvolvimento da autonomia<br \/>\n&#8211; Prestar os cuidados e servi\u00e7os adequados \u00e0s necessidades dos utentes, sendo estes objeto de contratualiza\u00e7\u00e3o<br \/>\n&#8211; Facilitar o acesso a servi\u00e7os da comunidade<br \/>\n&#8211; Refor\u00e7ar as compet\u00eancias das fam\u00edlias e de outros cuidadores<\/p>\n<p>&nbsp;<\/p>\n<h3>Servi\u00e7os prestados e recursos<\/h3>\n<p>&#8211; Cuidados de higiene e imagem pessoal<br \/>\n&#8211; Servi\u00e7o de refei\u00e7\u00f5es<br \/>\n&#8211; Servi\u00e7o de transporte<br \/>\n&#8211; Apoio psicossocial<br \/>\n&#8211; Conv\u00edvio\/ocupa\u00e7\u00e3o<br \/>\n&#8211; Cuidados de sa\u00fade<br \/>\n&#8211; Tratamento de roupas<br \/>\n&#8211; Acompanhamento ao exterior<br \/>\n&#8211; Apoio na aquisi\u00e7\u00e3o de bens e servi\u00e7os<br \/>\n&#8211; Assist\u00eancia medicamentosa<br \/>\n&#8211; Servi\u00e7os de apoio domicili\u00e1rio complementares, quando aplic\u00e1vel<\/p>\n<p>&nbsp;<\/p>\n<h3>Atividades<\/h3>\n<p>O SAD desenvolve as seguintes atividades \u2013 tipo:<br \/>\n&#8211; Atividades l\u00fadico-recreativas e culturais<br \/>\n&#8211; Atividades espirituais e\/ou religiosas<br \/>\n&#8211; Atividades de musicoterapia<br \/>\n&#8211; Atividades f\u00edsicas<br \/>\n&#8211; Atividade cognitivo-mental<br \/>\n&#8211; Atividades sociais<br \/>\n&#8211; Atividades quotidianas<br \/>\n&#8211; Atividades intelectual\/formativas<\/p>\n<p>&nbsp;<\/p>\n<p>&nbsp;<\/p>\n<h3>Organiza\u00e7\u00e3o interna<\/h3>\n<p><strong>&#8211; Dire\u00e7\u00e3o:<\/strong><br \/>\nCompete \u00e0 Dire\u00e7\u00e3o do Centro Social e Paroquial de Nossa Senhora de F\u00e1tima aprovar todas as atividades desenvolvidas na resposta social e supervisionar a gest\u00e3o de recursos humanos, econ\u00f3micos e financeiros assim como os servi\u00e7os que s\u00e3o prestados.<br \/>\n<strong>&#8211; Coordena\u00e7\u00e3o T\u00e9cnica:<\/strong><br \/>\nO Servi\u00e7o Apoio Domicili\u00e1rio \u00e9 coordenado por um t\u00e9cnico superior, que em termos hier\u00e1rquicos, responde perante a dire\u00e7\u00e3o do Centro Social e Paroquial de Nossa Senhora de F\u00e1tima, pelo funcionamento, disciplina e efici\u00eancia dos servi\u00e7os.<br \/>\n<strong>&#8211; Equipa T\u00e9cnica:<\/strong><br \/>\nT\u00e9cnica Superior de Servi\u00e7o Social<br \/>\nSoci\u00f3logo<br \/>\nNutricionista, enfermeira e administrativos<br \/>\nM\u00e9dico em regime de voluntariado;<br \/>\n<strong>&#8211; Equipa n\u00e3o T\u00e9cnica:<\/strong><br \/>\nAjudante de a\u00e7\u00e3o direta;<br \/>\nAuxiliar de servi\u00e7os gerais;<br \/>\nCozinheiro\/a;<br \/>\nAjudante de cozinha;<br \/>\nMotorista.<\/p>\n<p><img loading=\"lazy\" class=\"alignnone size-medium wp-image-3210\" src=\"https:\/\/www.paroquiafatima.pt\/paroquia\/wp-content\/uploads\/2016\/05\/imagem-rollup_centro-dia-e-sad_cspnsf-356x700.jpg\" alt=\"imagem rollup_centro dia e SAD_CSPNSF\" width=\"356\" height=\"700\" srcset=\"https:\/\/www.paroquiafatima.pt\/paroquia\/wp-content\/uploads\/2016\/05\/imagem-rollup_centro-dia-e-sad_cspnsf-356x700.jpg 356w, https:\/\/www.paroquiafatima.pt\/paroquia\/wp-content\/uploads\/2016\/05\/imagem-rollup_centro-dia-e-sad_cspnsf-520x1024.jpg 520w, https:\/\/www.paroquiafatima.pt\/paroquia\/wp-content\/uploads\/2016\/05\/imagem-rollup_centro-dia-e-sad_cspnsf.jpg 720w\" sizes=\"(max-width: 356px) 100vw, 356px\" \/><br \/>\n<div class=\"video-container\"><iframe loading=\"lazy\" src=\"https:\/\/www.youtube.com\/embed\/oyz6KoNRTcA\" width=\"900\" height=\"506\" frameborder=\"0\" allowfullscreen=\"allowfullscreen\"><\/iframe><\/div><\/p>\n<div class=\"synved-social-container synved-social-container-share\" style=\"text-align: center\"><a class=\"synved-social-button synved-social-button-share synved-social-size-24 synved-social-resolution-single synved-social-provider-facebook nolightbox\" data-provider=\"facebook\" target=\"_blank\" rel=\"nofollow\" title=\"Share on Facebook\" href=\"http:\/\/www.facebook.com\/sharer.php?u=https%3A%2F%2Fwww.paroquiafatima.pt%2Fparoquia%2Findex.php%3Frest_route%3D%252Fwp%252Fv2%252Fpages%252F96&#038;t=Servi%C3%A7o%20de%20Apoio%20Domicili%C3%A1rio&#038;s=100&#038;p&#091;url&#093;=https%3A%2F%2Fwww.paroquiafatima.pt%2Fparoquia%2Findex.php%3Frest_route%3D%252Fwp%252Fv2%252Fpages%252F96&#038;p&#091;images&#093;&#091;0&#093;=https%3A%2F%2Fwww.paroquiafatima.pt%2Fparoquia%2Fwp-content%2Fuploads%2F2016%2F05%2Fimagem-rollup_centro-dia-e-sad_cspnsf-356x700.jpg&#038;p&#091;title&#093;=Servi%C3%A7o%20de%20Apoio%20Domicili%C3%A1rio\" style=\"font-size: 0px; width:24px;height:24px;margin:0;margin-bottom:7px;margin-right:7px;\"><img alt=\"Facebook\" title=\"Share on Facebook\" class=\"synved-share-image synved-social-image synved-social-image-share\" width=\"24\" height=\"24\" style=\"display: inline; width:24px;height:24px; margin: 0; padding: 0; border: none; box-shadow: none;\" src=\"https:\/\/www.paroquiafatima.pt\/paroquia\/wp-content\/plugins\/social-media-feather\/synved-social\/image\/social\/regular\/48x48\/facebook.png\" \/><\/a><a class=\"synved-social-button synved-social-button-share synved-social-size-24 synved-social-resolution-single synved-social-provider-twitter nolightbox\" data-provider=\"twitter\" target=\"_blank\" rel=\"nofollow\" title=\"Share on Twitter\" href=\"https:\/\/twitter.com\/intent\/tweet?url=https%3A%2F%2Fwww.paroquiafatima.pt%2Fparoquia%2Findex.php%3Frest_route%3D%252Fwp%252Fv2%252Fpages%252F96&#038;text=Hey%20check%20this%20out\" style=\"font-size: 0px; width:24px;height:24px;margin:0;margin-bottom:7px;margin-right:7px;\"><img alt=\"twitter\" title=\"Share on Twitter\" class=\"synved-share-image synved-social-image synved-social-image-share\" width=\"24\" height=\"24\" style=\"display: inline; width:24px;height:24px; margin: 0; padding: 0; border: none; box-shadow: none;\" src=\"https:\/\/www.paroquiafatima.pt\/paroquia\/wp-content\/plugins\/social-media-feather\/synved-social\/image\/social\/regular\/48x48\/twitter.png\" \/><\/a><a class=\"synved-social-button synved-social-button-share synved-social-size-24 synved-social-resolution-single synved-social-provider-mail nolightbox\" data-provider=\"mail\" rel=\"nofollow\" title=\"Share by email\" href=\"mailto:?subject=Servi%C3%A7o%20de%20Apoio%20Domicili%C3%A1rio&#038;body=Hey%20check%20this%20out:%20https%3A%2F%2Fwww.paroquiafatima.pt%2Fparoquia%2Findex.php%3Frest_route%3D%252Fwp%252Fv2%252Fpages%252F96\" style=\"font-size: 0px; width:24px;height:24px;margin:0;margin-bottom:7px;\"><img alt=\"mail\" title=\"Share by email\" class=\"synved-share-image synved-social-image synved-social-image-share\" width=\"24\" height=\"24\" style=\"display: inline; width:24px;height:24px; margin: 0; padding: 0; border: none; box-shadow: none;\" src=\"https:\/\/www.paroquiafatima.pt\/paroquia\/wp-content\/plugins\/social-media-feather\/synved-social\/image\/social\/regular\/48x48\/mail.png\" \/><\/a><\/div>","protected":false},"excerpt":{"rendered":"<p>Breve descri\u00e7\u00e3o da resposta social A equipa do Servi\u00e7o de Apoio Domicili\u00e1rio \u00e9 uma resposta social que consiste na presta\u00e7\u00e3o de cuidados individualizados e personalizados no domic\u00edlio, a indiv\u00edduos e fam\u00edlias, quando, por motivo de doen\u00e7a, defici\u00eancia, velhice ou outro impedimento, n\u00e3o possam assegurar tempor\u00e1ria e\/ou permanentemente, a satisfa\u00e7\u00e3o das [&hellip;]<\/p>\n","protected":false},"author":7,"featured_media":0,"parent":0,"menu_order":0,"comment_status":"closed","ping_status":"closed","template":"","meta":[],"_links":{"self":[{"href":"https:\/\/www.paroquiafatima.pt\/paroquia\/index.php?rest_route=\/wp\/v2\/pages\/96"}],"collection":[{"href":"https:\/\/www.paroquiafatima.pt\/paroquia\/index.php?rest_route=\/wp\/v2\/pages"}],"about":[{"href":"https:\/\/www.paroquiafatima.pt\/paroquia\/index.php?rest_route=\/wp\/v2\/types\/page"}],"author":[{"embeddable":true,"href":"https:\/\/www.paroquiafatima.pt\/paroquia\/index.php?rest_route=\/wp\/v2\/users\/7"}],"replies":[{"embeddable":true,"href":"https:\/\/www.paroquiafatima.pt\/paroquia\/index.php?rest_route=%2Fwp%2Fv2%2Fcomments&post=96"}],"version-history":[{"count":3,"href":"https:\/\/www.paroquiafatima.pt\/paroquia\/index.php?rest_route=\/wp\/v2\/pages\/96\/revisions"}],"predecessor-version":[{"id":3226,"href":"https:\/\/www.paroquiafatima.pt\/paroquia\/index.php?rest_route=\/wp\/v2\/pages\/96\/revisions\/3226"}],"wp:attachment":[{"href":"https:\/\/www.paroquiafatima.pt\/paroquia\/index.php?rest_route=%2Fwp%2Fv2%2Fmedia&parent=96"}],"curies":[{"name":"wp","href":"https:\/\/api.w.org\/{rel}","templated":true}]}}