{"id":94,"date":"2016-05-31T13:45:51","date_gmt":"2016-05-31T13:45:51","guid":{"rendered":"http:\/\/sandradinis.info\/paroquia\/?page_id=94"},"modified":"2017-10-02T11:14:25","modified_gmt":"2017-10-02T11:14:25","slug":"centro-de-diaconvivio","status":"publish","type":"page","link":"https:\/\/www.paroquiafatima.pt\/paroquia\/?page_id=94","title":{"rendered":"Centro de Dia\/Conv\u00edvio"},"content":{"rendered":"<h3>Breve descri\u00e7\u00e3o da resposta social<\/h3>\n<p>O Centro de Dia tem como finalidade dar resposta a pessoas idosas em situa\u00e7\u00e3o de risco ou de perda de independ\u00eancia por per\u00edodo tempor\u00e1rio ou permanente, contribuindo para que tenham uma vida digna, confort\u00e1vel e saud\u00e1vel, prestando ajuda direta ao idoso e indiretamente \u00e0 fam\u00edlia e\/ou comunidade, contribuindo para a manuten\u00e7\u00e3o dos utentes no seu meio sociofamiliar.<\/p>\n<p><strong>O Centro de Conv\u00edvio <\/strong>foi fundado em 1979 e incrementado em 1983 e o<strong> Centro de Dia<\/strong><strong> da Bandeira<\/strong> foi fundado em 1984 e est\u00e3o sedeado na Rua da Bandeira, 639, em Viana do Castelo, com capacidade para 10 utentes e 40 utentes respetivamente de ambos os sexos com idade superior a 65 anos.<\/p>\n<p><strong>O Centro de Dia da Abelheira<\/strong> foi fundado em 2014 e est\u00e1 sedeado na Rua Conde Aurora n.\u00ba1005, Abelheira, em Viana do Castelo, com capacidade para 20 utentes de ambos os sexos com idade superior a 65 anos.<\/p>\n<p>&nbsp;<\/p>\n<h3>Objetivos da resposta social Assegurar servi\u00e7os adequados \u00e0 satisfa\u00e7\u00e3o das necessidades b\u00e1sicas e apoio psicossocial<\/h3>\n<p>&#8211; Fomentar a perman\u00eancia do idoso no seu meio natural de vida, retardando ou evitando a institucionaliza\u00e7\u00e3o<br \/>\n&#8211; Promover rela\u00e7\u00f5es interpessoais que dinamizem as rela\u00e7\u00f5es intergeracionais e a integra\u00e7\u00e3o social<br \/>\n&#8211; Proporcionar um programa de interven\u00e7\u00e3o que favore\u00e7a o processo de envelhecimento ativo, que potencie a estabiliza\u00e7\u00e3o ou retardamento dos efeitos nefastos do envelhecer<br \/>\n&#8211; Contribuir para a preven\u00e7\u00e3o de situa\u00e7\u00f5es de depend\u00eancia, estimulando o processo individual de autonomia<\/p>\n<p>&nbsp;<\/p>\n<h3>Servi\u00e7os prestados<\/h3>\n<p>&#8211; Cuidados de higiene e imagem pessoal<br \/>\n&#8211; Servi\u00e7o de refei\u00e7\u00f5es (pequeno-almo\u00e7o, almo\u00e7o, lanche e jantar)<br \/>\n&#8211; Servi\u00e7o de transporte<br \/>\n&#8211; Apoio psicossocial<br \/>\n&#8211; Anima\u00e7\u00e3o\/socializa\u00e7\u00e3o (Programa Intergeracional)<br \/>\n&#8211; Cuidados de sa\u00fade<br \/>\n&#8211; Acompanhamento ao exterior<br \/>\n&#8211; Articula\u00e7\u00e3o com os servi\u00e7os locais de sa\u00fade, quando necess\u00e1rio<br \/>\n&#8211; Assist\u00eancia medicamentosa<br \/>\n&#8211; Apoio na aquisi\u00e7\u00e3o de bens e servi\u00e7os<br \/>\n&#8211; Servi\u00e7os de apoio domicili\u00e1rio complementares<\/p>\n<p>&nbsp;<\/p>\n<h3>Atividades<\/h3>\n<p>O Centro de dia desenvolve as seguintes atividades \u2013 tipo:<br \/>\n<strong>Atividades l\u00fadico-recreativas e culturais<\/strong> \u2013 participa\u00e7\u00e3o em sess\u00f5es de canto coral; sess\u00e3o de canto popular; confe\u00e7\u00e3o de objetos de lavares; confe\u00e7\u00e3o de objetos de express\u00e3o pl\u00e1stica; participar em jogos de tabuleiro e de mesa, ir ao teatro, baile, visita a museus; entre outras atividades;<br \/>\n<strong>Atividades espirituais e\/ou religiosas<\/strong> \u2013 participar em viagens e peregrina\u00e7\u00f5es; ir \u00e0 eucaristia; meditar e recitar o ter\u00e7o; entre outras atividades;<br \/>\n<strong>Atividades de musicoterapia<\/strong> \u2013 Uso da m\u00fasica e os seus elementos constituintes, tais como: o ritmo; o som; a harmonia; a melodia \u2026 para favorecer a comunica\u00e7\u00e3o e a express\u00e3o;<br \/>\n<strong>Atividades f\u00edsicas<\/strong> \u2013 desportivas \u2013 geri\u00e1tricas \u2013 Sess\u00f5es de fisioterapia; gin\u00e1stica de manuten\u00e7\u00e3o; exerc\u00edcios de Yoga;<br \/>\n<strong>Atividade cognitivo-mental<\/strong> \u2013 C\u00e1lculo mental; leitura e linguagem, estimula\u00e7\u00e3o da aten\u00e7\u00e3o e da mem\u00f3ria;<br \/>\n<strong>Atividades sociais<\/strong> \u2013 Participar em passeios coletivos ou em atividades desenvolvidas por outras institui\u00e7\u00f5es parceiras da comunidade local;<strong>Atividades quotidianas <\/strong>\u2013 Cuidar de plantas; ajudar a colocar a mesa e levantar; ajudar na prepara\u00e7\u00e3o de refei\u00e7\u00f5es; colaborar na decora\u00e7\u00e3o da resposta social, entre outras atividades;<br \/>\n<strong>Atividades intelectual\/formativas<\/strong> \u2013 sess\u00f5es de informa\u00e7\u00e3o\/forma\u00e7\u00e3o; participar em confer\u00eancias; semin\u00e1rios; workshops.<\/p>\n<p>&nbsp;<\/p>\n<h3>Organiza\u00e7\u00e3o interna<\/h3>\n<p><strong><em>&#8211; Dire\u00e7\u00e3o:<\/em><\/strong><br \/>\nCompete \u00e0 Dire\u00e7\u00e3o do Centro Social e Paroquial de Nossa Senhora de F\u00e1tima aprovar todas as atividades desenvolvidas na resposta social e supervisionar a gest\u00e3o de recursos humanos, econ\u00f3micos e financeiros assim como os servi\u00e7os que s\u00e3o prestados.<br \/>\n<strong><em>&#8211; Coordena\u00e7\u00e3o T\u00e9cnica:<\/em><\/strong><br \/>\nO Centro de Dia \u00e9 coordenado por um t\u00e9cnico superior, que em termos hier\u00e1rquicos, responde perante a dire\u00e7\u00e3o do Centro Social e Paroquial de Nossa Senhora de F\u00e1tima, pelo funcionamento, disciplina e efici\u00eancia dos servi\u00e7os.<br \/>\n<em><strong>&#8211; Equipa T\u00e9cnica:<\/strong><\/em><br \/>\nT\u00e9cnica Superior de Servi\u00e7o Social<br \/>\nSoci\u00f3logo<br \/>\nNutricionista, enfermeira e administrativos<br \/>\nM\u00e9dico em regime de voluntariado<br \/>\n<strong><em>&#8211; Equipa n\u00e3o T\u00e9cnica:<\/em><\/strong><br \/>\nAjudante de a\u00e7\u00e3o direta<br \/>\nAuxiliar de servi\u00e7os gerais<br \/>\nCozinheiro\/a<br \/>\nAjudante de cozinha<br \/>\nMotorista<\/p>\n<p>&nbsp;<\/p>\n<h3><\/h3>\n<p>E-mail: <a href=\"mailto:centrosocial@paroquiafatima.pt\">centrosocial@paroquiafatima.pt<\/a><\/p>\n<p>&nbsp;<\/p>\n<p>Se pretende efectuar uma pr\u00e9-inscri\u00e7\u00e3o no Centro de Dia\/Centro Conv\u00edvio, por favor, clique <strong><a href=\"http:\/\/sandradinis.info\/paroquia\/inscricoes-centro-de-dia\/\">aqui<\/a><\/strong>.<\/p>\n<p>&nbsp;<\/p>\n<p><img loading=\"lazy\" class=\"alignnone size-full wp-image-3209\" src=\"https:\/\/www.paroquiafatima.pt\/paroquia\/wp-content\/uploads\/2016\/05\/frente-flyer-centro-dia_cspnsf.jpg\" alt=\"PRINT_Flyer centro dia_CSPNSF\" width=\"800\" height=\"1134\" srcset=\"https:\/\/www.paroquiafatima.pt\/paroquia\/wp-content\/uploads\/2016\/05\/frente-flyer-centro-dia_cspnsf.jpg 800w, https:\/\/www.paroquiafatima.pt\/paroquia\/wp-content\/uploads\/2016\/05\/frente-flyer-centro-dia_cspnsf-494x700.jpg 494w, https:\/\/www.paroquiafatima.pt\/paroquia\/wp-content\/uploads\/2016\/05\/frente-flyer-centro-dia_cspnsf-722x1024.jpg 722w\" sizes=\"(max-width: 800px) 100vw, 800px\" \/><\/p>\n<p><img loading=\"lazy\" class=\"alignnone size-full wp-image-3211\" src=\"https:\/\/www.paroquiafatima.pt\/paroquia\/wp-content\/uploads\/2016\/05\/verso-flyer-centro-dia_cspnsf.jpg\" alt=\"PRINT_Flyer centro dia_CSPNSF\" width=\"800\" height=\"1134\" srcset=\"https:\/\/www.paroquiafatima.pt\/paroquia\/wp-content\/uploads\/2016\/05\/verso-flyer-centro-dia_cspnsf.jpg 800w, https:\/\/www.paroquiafatima.pt\/paroquia\/wp-content\/uploads\/2016\/05\/verso-flyer-centro-dia_cspnsf-494x700.jpg 494w, https:\/\/www.paroquiafatima.pt\/paroquia\/wp-content\/uploads\/2016\/05\/verso-flyer-centro-dia_cspnsf-722x1024.jpg 722w\" sizes=\"(max-width: 800px) 100vw, 800px\" \/><\/p>\n<div class=\"synved-social-container synved-social-container-share\" style=\"text-align: center\"><a class=\"synved-social-button synved-social-button-share synved-social-size-24 synved-social-resolution-single synved-social-provider-facebook nolightbox\" data-provider=\"facebook\" target=\"_blank\" rel=\"nofollow\" title=\"Share on Facebook\" href=\"http:\/\/www.facebook.com\/sharer.php?u=https%3A%2F%2Fwww.paroquiafatima.pt%2Fparoquia%2Findex.php%3Frest_route%3D%252Fwp%252Fv2%252Fpages%252F94&#038;t=Centro%20de%20Dia%2FConv%C3%ADvio&#038;s=100&#038;p&#091;url&#093;=https%3A%2F%2Fwww.paroquiafatima.pt%2Fparoquia%2Findex.php%3Frest_route%3D%252Fwp%252Fv2%252Fpages%252F94&#038;p&#091;images&#093;&#091;0&#093;=https%3A%2F%2Fwww.paroquiafatima.pt%2Fparoquia%2Fwp-content%2Fuploads%2F2016%2F05%2Ffrente-flyer-centro-dia_cspnsf.jpg&#038;p&#091;title&#093;=Centro%20de%20Dia%2FConv%C3%ADvio\" style=\"font-size: 0px; width:24px;height:24px;margin:0;margin-bottom:7px;margin-right:7px;\"><img alt=\"Facebook\" title=\"Share on Facebook\" class=\"synved-share-image synved-social-image synved-social-image-share\" width=\"24\" height=\"24\" style=\"display: inline; width:24px;height:24px; margin: 0; padding: 0; border: none; box-shadow: none;\" src=\"https:\/\/www.paroquiafatima.pt\/paroquia\/wp-content\/plugins\/social-media-feather\/synved-social\/image\/social\/regular\/48x48\/facebook.png\" \/><\/a><a class=\"synved-social-button synved-social-button-share synved-social-size-24 synved-social-resolution-single synved-social-provider-twitter nolightbox\" data-provider=\"twitter\" target=\"_blank\" rel=\"nofollow\" title=\"Share on Twitter\" href=\"https:\/\/twitter.com\/intent\/tweet?url=https%3A%2F%2Fwww.paroquiafatima.pt%2Fparoquia%2Findex.php%3Frest_route%3D%252Fwp%252Fv2%252Fpages%252F94&#038;text=Hey%20check%20this%20out\" style=\"font-size: 0px; width:24px;height:24px;margin:0;margin-bottom:7px;margin-right:7px;\"><img alt=\"twitter\" title=\"Share on Twitter\" class=\"synved-share-image synved-social-image synved-social-image-share\" width=\"24\" height=\"24\" style=\"display: inline; width:24px;height:24px; margin: 0; padding: 0; border: none; box-shadow: none;\" src=\"https:\/\/www.paroquiafatima.pt\/paroquia\/wp-content\/plugins\/social-media-feather\/synved-social\/image\/social\/regular\/48x48\/twitter.png\" \/><\/a><a class=\"synved-social-button synved-social-button-share synved-social-size-24 synved-social-resolution-single synved-social-provider-mail nolightbox\" data-provider=\"mail\" rel=\"nofollow\" title=\"Share by email\" href=\"mailto:?subject=Centro%20de%20Dia%2FConv%C3%ADvio&#038;body=Hey%20check%20this%20out:%20https%3A%2F%2Fwww.paroquiafatima.pt%2Fparoquia%2Findex.php%3Frest_route%3D%252Fwp%252Fv2%252Fpages%252F94\" style=\"font-size: 0px; width:24px;height:24px;margin:0;margin-bottom:7px;\"><img alt=\"mail\" title=\"Share by email\" class=\"synved-share-image synved-social-image synved-social-image-share\" width=\"24\" height=\"24\" style=\"display: inline; width:24px;height:24px; margin: 0; padding: 0; border: none; box-shadow: none;\" src=\"https:\/\/www.paroquiafatima.pt\/paroquia\/wp-content\/plugins\/social-media-feather\/synved-social\/image\/social\/regular\/48x48\/mail.png\" \/><\/a><\/div>","protected":false},"excerpt":{"rendered":"<p>Breve descri\u00e7\u00e3o da resposta social O Centro de Dia tem como finalidade dar resposta a pessoas idosas em situa\u00e7\u00e3o de risco ou de perda de independ\u00eancia por per\u00edodo tempor\u00e1rio ou permanente, contribuindo para que tenham uma vida digna, confort\u00e1vel e saud\u00e1vel, prestando ajuda direta ao idoso e indiretamente \u00e0 fam\u00edlia [&hellip;]<\/p>\n","protected":false},"author":7,"featured_media":0,"parent":0,"menu_order":0,"comment_status":"closed","ping_status":"closed","template":"","meta":[],"_links":{"self":[{"href":"https:\/\/www.paroquiafatima.pt\/paroquia\/index.php?rest_route=\/wp\/v2\/pages\/94"}],"collection":[{"href":"https:\/\/www.paroquiafatima.pt\/paroquia\/index.php?rest_route=\/wp\/v2\/pages"}],"about":[{"href":"https:\/\/www.paroquiafatima.pt\/paroquia\/index.php?rest_route=\/wp\/v2\/types\/page"}],"author":[{"embeddable":true,"href":"https:\/\/www.paroquiafatima.pt\/paroquia\/index.php?rest_route=\/wp\/v2\/users\/7"}],"replies":[{"embeddable":true,"href":"https:\/\/www.paroquiafatima.pt\/paroquia\/index.php?rest_route=%2Fwp%2Fv2%2Fcomments&post=94"}],"version-history":[{"count":7,"href":"https:\/\/www.paroquiafatima.pt\/paroquia\/index.php?rest_route=\/wp\/v2\/pages\/94\/revisions"}],"predecessor-version":[{"id":3223,"href":"https:\/\/www.paroquiafatima.pt\/paroquia\/index.php?rest_route=\/wp\/v2\/pages\/94\/revisions\/3223"}],"wp:attachment":[{"href":"https:\/\/www.paroquiafatima.pt\/paroquia\/index.php?rest_route=%2Fwp%2Fv2%2Fmedia&parent=94"}],"curies":[{"name":"wp","href":"https:\/\/api.w.org\/{rel}","templated":true}]}}