{"id":90,"date":"2016-05-31T13:45:12","date_gmt":"2016-05-31T13:45:12","guid":{"rendered":"http:\/\/sandradinis.info\/paroquia\/?page_id=90"},"modified":"2016-11-22T17:15:35","modified_gmt":"2016-11-22T17:15:35","slug":"berco-2","status":"publish","type":"page","link":"https:\/\/www.paroquiafatima.pt\/paroquia\/?page_id=90","title":{"rendered":"Ber\u00e7o de Nossa Senhora das Necessidades"},"content":{"rendered":"<h3>Breve descri\u00e7\u00e3o da resposta social<\/h3>\n<p>O Ber\u00e7o, \u00e9 um Centro de Acolhimento Tempor\u00e1rio de Beb\u00e9s e Crian\u00e7as em Risco, recebe beb\u00e9s e crian\u00e7as necessitadas de prote\u00e7\u00e3o urgente face a situa\u00e7\u00f5es que as coloquem em risco tais como maus-tratos f\u00edsicos e emocionais, abusos sexuais, alcoolismo\/ toxicodepend\u00eancia, prostitui\u00e7\u00e3o, falta de condi\u00e7\u00f5es econ\u00f3micas e retaguarda familiar ou abandono.<\/p>\n<p>O Ber\u00e7o \u00e9 uma das respostas sociais do Centro Social e Paroquial de Nossa Senhora de F\u00e1tima foi fundado em 1992 e atualmente est\u00e1 sedeado na Rua Conde D\u2019 Aurora 1005, em Viana do Castelo, com capacidade para acolher vinte crian\u00e7as de ambos os sexos dos 0 aos 12 anos.<\/p>\n<p><strong>\u00a0<\/strong><\/p>\n<h3>Objetivos da resposta social<\/h3>\n<p>O Ber\u00e7o tem como objetivo promover, defender e dignificar a vida humana. Nasce da consci\u00eancia de que \u201cs\u00f3 sabe amar quem j\u00e1 foi amado\u201d. Uma consci\u00eancia que se manifesta atrav\u00e9s dos ideais de ajuda ao outro e de respeito pelas especificidades de cada crian\u00e7a como ser \u00fanico e individual.<br \/>\nO grande objetivo \u00e9 potenciar e apoiar durante o acolhimento, o desenvolvimento emocional e social das crian\u00e7as e jovens, para que estas possam em seguran\u00e7a recuperar das sequelas sofridas, sentirem-se finalmente no direito de ser crian\u00e7as e prepararem-se para enfrentar o futuro com esperan\u00e7a.<\/p>\n<p><strong>\u00a0<\/strong><\/p>\n<h3>Servi\u00e7os prestados<\/h3>\n<p>&#8211; Alojamento<br \/>\n&#8211; Alimenta\u00e7\u00e3o<br \/>\n&#8211; Higiene pessoal<br \/>\n&#8211; Festejos, anivers\u00e1rios<br \/>\n&#8211; Acompanhamento m\u00e9dico<br \/>\n&#8211; Acompanhamento psicol\u00f3gico<br \/>\n&#8211; Acompanhamento social<br \/>\n&#8211; Programas educativos<br \/>\n&#8211; Programas de desenvolvimento pessoal\/social<br \/>\n&#8211; Programas desportivos<br \/>\n&#8211; Programas de ocupa\u00e7\u00e3o de tempos livres<br \/>\n&#8211; Programas de sa\u00fade<\/p>\n<p><strong>\u00a0<\/strong><\/p>\n<h3>Atividades<\/h3>\n<p>O plano de atividades \u00e9 elaborado anualmente, tendo em conta as necessidades, recursos da Institui\u00e7\u00e3o e propostas da comunidade;<br \/>\n\u00c9 elaborada uma planifica\u00e7\u00e3o das atividades que especifica as a\u00e7\u00f5es a desenvolver semanalmente.<\/p>\n<p><strong>\u00a0<\/strong><\/p>\n<h3>Organiza\u00e7\u00e3o interna<\/h3>\n<p><strong><em>&#8211; Dire\u00e7\u00e3o:<\/em><\/strong><br \/>\nCompete \u00e0 Dire\u00e7\u00e3o do Centro Social e Paroquial de Nossa Senhora de F\u00e1tima aprovar todas as atividades desenvolvidas na resposta social e supervisionar a gest\u00e3o de recursos humanos, econ\u00f3micos e financeiros assim como os servi\u00e7os que s\u00e3o prestados.<br \/>\n<strong><em>&#8211; Coordena\u00e7\u00e3o t\u00e9cnica:<\/em><\/strong><br \/>\nO Ber\u00e7o \u00e9 coordenado por um t\u00e9cnico superior, que em termos hier\u00e1rquicos, responde perante a dire\u00e7\u00e3o do Centro Social e Paroquial de Nossa Senhora de F\u00e1tima, pelo funcionamento, disciplina e efici\u00eancia dos servi\u00e7os.<br \/>\n<strong><em>&#8211; Equipa T\u00e9cnica:<\/em><\/strong><br \/>\nT\u00e9cnico superior de servi\u00e7o social<br \/>\nPsic\u00f3logo<br \/>\nEducador de inf\u00e2ncia<br \/>\nNutricionista, enfermeira e administrativos<br \/>\nM\u00e9dico em regime de voluntariado<br \/>\n<em><strong>&#8211; Equipa n\u00e3o T\u00e9cnica<\/strong> <\/em><br \/>\nAjudantes de a\u00e7\u00e3o educativa<br \/>\nAuxiliar de servi\u00e7os gerais<br \/>\nCozinheira<br \/>\nAjudante de cozinha<br \/>\nLavadeira<\/p>\n<p><strong>\u00a0<\/strong><\/p>\n<h3>Caracteriza\u00e7\u00e3o da interven\u00e7\u00e3o psicossocial do Ber\u00e7o<\/h3>\n<p>O Ber\u00e7o define-se pela organiza\u00e7\u00e3o, estabilidade e seguran\u00e7a<br \/>\nOs contextos familiares das nossas crian\u00e7as s\u00e3o desorganizados, muito inst\u00e1veis e imprevis\u00edveis originando nas crian\u00e7as sentimentos de inseguran\u00e7a e ang\u00fastia. As crian\u00e7as que n\u00f3s recebemos t\u00eam por norma muita dificuldade em controlar os impulsos, sofrendo de explos\u00f5es de viol\u00eancia uma vez que as coisas mais insignificantes para n\u00f3s, as faz a elas pensar que v\u00e3o ser novamente v\u00edtimas. S\u00f3 um ambiente organizado e est\u00e1vel lhes permite recuperar a confian\u00e7a no mundo.<br \/>\n<strong><em>O Ber\u00e7o define-se por um ambiente securizante<\/em><\/strong><br \/>\nO estabelecimento de regras e rotinas di\u00e1rias, \u00e9 uma parte fundamental do nosso trabalho uma vez que estas protegem as crian\u00e7as da imprevisibilidade, geradora de ansiedade. O enquadramento que obriga a esperar pela hora da refei\u00e7\u00e3o, pela hora de tomar banho, a repeti\u00e7\u00e3o dos tempos de espera, ajuda a construir a no\u00e7\u00e3o de tempo e dura\u00e7\u00e3o. A regulariza\u00e7\u00e3o dos hor\u00e1rios compensa a imprevisibilidade do contexto familiar.<br \/>\nPara al\u00e9m das regras e rotinas, os limites f\u00edsicos da Institui\u00e7\u00e3o, funcionam tamb\u00e9m como barreiras de protec\u00e7\u00e3o do exterior que internamente ajudam as crian\u00e7as a sentirem-se mais seguras e protegidas.<br \/>\n<strong><em>O Ber\u00e7o define-se como uma casa de prote\u00e7\u00e3o e seguran\u00e7a<\/em><\/strong><br \/>\nAtrav\u00e9s da gentileza, da atitude benevolente dos adultos e da empatia pretende-se que as nossas crian\u00e7as desenvolvam atitudes de confian\u00e7a e seguran\u00e7a. Atrav\u00e9s da congru\u00eancia e coer\u00eancia do discurso e da express\u00e3o de sentimentos positivos pretende-se que as nossas crian\u00e7as desenvolvam uma constru\u00e7\u00e3o positiva da identidade. Diariamente tentamos proporcionar condi\u00e7\u00f5es que possibilitem a reconstru\u00e7\u00e3o da hist\u00f3ria de vida dos nossos meninos, quer pela reformula\u00e7\u00e3o do passado, quer pela constru\u00e7\u00e3o de projectos futuros que acompanhem a constru\u00e7\u00e3o de um auto-conceito positivo.<\/p>\n<p>&nbsp;<\/p>\n<p><strong><em>Para que este trabalho seja poss\u00edvel e para que a Sofia, o Jo\u00e3o, o Lu\u00eds e todos as outras crian\u00e7as possam finalmente sorrir e acreditar Precis\u00e1mos de si<\/em><\/strong><\/p>\n<p>&nbsp;<\/p>\n<h3><strong><em>&#8220;A Vida faz mais sentido quando por ela passam pessoas que nos ajudam a crescer com dignidade&#8221;<\/em><\/strong><\/h3>\n<h3><\/h3>\n<div class=\"synved-social-container synved-social-container-share\" style=\"text-align: center\"><a class=\"synved-social-button synved-social-button-share synved-social-size-24 synved-social-resolution-single synved-social-provider-facebook nolightbox\" data-provider=\"facebook\" target=\"_blank\" rel=\"nofollow\" title=\"Share on Facebook\" href=\"http:\/\/www.facebook.com\/sharer.php?u=https%3A%2F%2Fwww.paroquiafatima.pt%2Fparoquia%2Findex.php%3Frest_route%3D%252Fwp%252Fv2%252Fpages%252F90&#038;t=Ber%C3%A7o%20de%20Nossa%20Senhora%20das%20Necessidades&#038;s=100&#038;p&#091;url&#093;=https%3A%2F%2Fwww.paroquiafatima.pt%2Fparoquia%2Findex.php%3Frest_route%3D%252Fwp%252Fv2%252Fpages%252F90&#038;p&#091;images&#093;&#091;0&#093;=&#038;p&#091;title&#093;=Ber%C3%A7o%20de%20Nossa%20Senhora%20das%20Necessidades\" style=\"font-size: 0px; width:24px;height:24px;margin:0;margin-bottom:7px;margin-right:7px;\"><img alt=\"Facebook\" title=\"Share on Facebook\" class=\"synved-share-image synved-social-image synved-social-image-share\" width=\"24\" height=\"24\" style=\"display: inline; width:24px;height:24px; margin: 0; padding: 0; border: none; box-shadow: none;\" src=\"https:\/\/www.paroquiafatima.pt\/paroquia\/wp-content\/plugins\/social-media-feather\/synved-social\/image\/social\/regular\/48x48\/facebook.png\" \/><\/a><a class=\"synved-social-button synved-social-button-share synved-social-size-24 synved-social-resolution-single synved-social-provider-twitter nolightbox\" data-provider=\"twitter\" target=\"_blank\" rel=\"nofollow\" title=\"Share on Twitter\" href=\"https:\/\/twitter.com\/intent\/tweet?url=https%3A%2F%2Fwww.paroquiafatima.pt%2Fparoquia%2Findex.php%3Frest_route%3D%252Fwp%252Fv2%252Fpages%252F90&#038;text=Hey%20check%20this%20out\" style=\"font-size: 0px; width:24px;height:24px;margin:0;margin-bottom:7px;margin-right:7px;\"><img alt=\"twitter\" title=\"Share on Twitter\" class=\"synved-share-image synved-social-image synved-social-image-share\" width=\"24\" height=\"24\" style=\"display: inline; width:24px;height:24px; margin: 0; padding: 0; border: none; box-shadow: none;\" src=\"https:\/\/www.paroquiafatima.pt\/paroquia\/wp-content\/plugins\/social-media-feather\/synved-social\/image\/social\/regular\/48x48\/twitter.png\" \/><\/a><a class=\"synved-social-button synved-social-button-share synved-social-size-24 synved-social-resolution-single synved-social-provider-mail nolightbox\" data-provider=\"mail\" rel=\"nofollow\" title=\"Share by email\" href=\"mailto:?subject=Ber%C3%A7o%20de%20Nossa%20Senhora%20das%20Necessidades&#038;body=Hey%20check%20this%20out:%20https%3A%2F%2Fwww.paroquiafatima.pt%2Fparoquia%2Findex.php%3Frest_route%3D%252Fwp%252Fv2%252Fpages%252F90\" style=\"font-size: 0px; width:24px;height:24px;margin:0;margin-bottom:7px;\"><img alt=\"mail\" title=\"Share by email\" class=\"synved-share-image synved-social-image synved-social-image-share\" width=\"24\" height=\"24\" style=\"display: inline; width:24px;height:24px; margin: 0; padding: 0; border: none; box-shadow: none;\" src=\"https:\/\/www.paroquiafatima.pt\/paroquia\/wp-content\/plugins\/social-media-feather\/synved-social\/image\/social\/regular\/48x48\/mail.png\" \/><\/a><\/div>","protected":false},"excerpt":{"rendered":"<p>Breve descri\u00e7\u00e3o da resposta social O Ber\u00e7o, \u00e9 um Centro de Acolhimento Tempor\u00e1rio de Beb\u00e9s e Crian\u00e7as em Risco, recebe beb\u00e9s e crian\u00e7as necessitadas de prote\u00e7\u00e3o urgente face a situa\u00e7\u00f5es que as coloquem em risco tais como maus-tratos f\u00edsicos e emocionais, abusos sexuais, alcoolismo\/ toxicodepend\u00eancia, prostitui\u00e7\u00e3o, falta de condi\u00e7\u00f5es econ\u00f3micas [&hellip;]<\/p>\n","protected":false},"author":7,"featured_media":0,"parent":0,"menu_order":0,"comment_status":"closed","ping_status":"closed","template":"","meta":[],"_links":{"self":[{"href":"https:\/\/www.paroquiafatima.pt\/paroquia\/index.php?rest_route=\/wp\/v2\/pages\/90"}],"collection":[{"href":"https:\/\/www.paroquiafatima.pt\/paroquia\/index.php?rest_route=\/wp\/v2\/pages"}],"about":[{"href":"https:\/\/www.paroquiafatima.pt\/paroquia\/index.php?rest_route=\/wp\/v2\/types\/page"}],"author":[{"embeddable":true,"href":"https:\/\/www.paroquiafatima.pt\/paroquia\/index.php?rest_route=\/wp\/v2\/users\/7"}],"replies":[{"embeddable":true,"href":"https:\/\/www.paroquiafatima.pt\/paroquia\/index.php?rest_route=%2Fwp%2Fv2%2Fcomments&post=90"}],"version-history":[{"count":3,"href":"https:\/\/www.paroquiafatima.pt\/paroquia\/index.php?rest_route=\/wp\/v2\/pages\/90\/revisions"}],"predecessor-version":[{"id":2148,"href":"https:\/\/www.paroquiafatima.pt\/paroquia\/index.php?rest_route=\/wp\/v2\/pages\/90\/revisions\/2148"}],"wp:attachment":[{"href":"https:\/\/www.paroquiafatima.pt\/paroquia\/index.php?rest_route=%2Fwp%2Fv2%2Fmedia&parent=90"}],"curies":[{"name":"wp","href":"https:\/\/api.w.org\/{rel}","templated":true}]}}