{"id":7835,"date":"2024-06-30T22:38:36","date_gmt":"2024-06-30T22:38:36","guid":{"rendered":"https:\/\/www.paroquiafatima.pt\/paroquia\/?page_id=7835"},"modified":"2024-06-30T23:21:49","modified_gmt":"2024-06-30T23:21:49","slug":"projeto-cofinanciados-pela-eu","status":"publish","type":"page","link":"https:\/\/www.paroquiafatima.pt\/paroquia\/?page_id=7835","title":{"rendered":"Projeto Cofinanciados pela EU"},"content":{"rendered":"<h3>Breve descri\u00e7\u00e3o do Projecto Cofinanciados pela EU \u00a0<\/h3>\n<p style=\"text-align: left;\">Os projetos cofinanciados s\u00e3o desenvolvidos em parceria com a Uni\u00e3o Europeia (UE), atrav\u00e9s da utiliza\u00e7\u00e3o de fundos comunit\u00e1rios espec\u00edficos. Os fundos comunit\u00e1rios s\u00e3o recursos financeiros, disponibilizados pela UE, que t\u00eam como objetivo promover o desenvolvimento econ\u00f3mico e social dos pa\u00edses-membros, reduzir as disparidades entre regi\u00f5es e fomentar a coes\u00e3o territorial dentro da UE.<\/p>\n<p>\u00a0<\/p>\n<h3>Objetivos<\/h3>\n<p>\u00a0<\/p>\n<h3>Atividades<\/h3>\n<p>\u00a0<\/p>\n\n\n<figure class=\"wp-container-2 wp-block-gallery-1 wp-block-gallery has-nested-images columns-default is-cropped\">\n<figure class=\"wp-block-image size-large\"><img loading=\"lazy\" width=\"517\" height=\"647\" data-id=\"7847\"  src=\"https:\/\/www.paroquiafatima.pt\/paroquia\/wp-content\/uploads\/2024\/06\/Projecto-Cofinanciados-pela-EU-3.jpg\" alt=\"\" class=\"wp-image-7847\" srcset=\"https:\/\/www.paroquiafatima.pt\/paroquia\/wp-content\/uploads\/2024\/06\/Projecto-Cofinanciados-pela-EU-3.jpg 517w, https:\/\/www.paroquiafatima.pt\/paroquia\/wp-content\/uploads\/2024\/06\/Projecto-Cofinanciados-pela-EU-3-264x330.jpg 264w, https:\/\/www.paroquiafatima.pt\/paroquia\/wp-content\/uploads\/2024\/06\/Projecto-Cofinanciados-pela-EU-3-144x180.jpg 144w\" sizes=\"(max-width: 517px) 100vw, 517px\" \/><\/figure>\n<\/figure>\n<div class=\"synved-social-container synved-social-container-share\" style=\"text-align: center\"><a class=\"synved-social-button synved-social-button-share synved-social-size-24 synved-social-resolution-single synved-social-provider-facebook nolightbox\" data-provider=\"facebook\" target=\"_blank\" rel=\"nofollow\" title=\"Share on Facebook\" href=\"http:\/\/www.facebook.com\/sharer.php?u=https%3A%2F%2Fwww.paroquiafatima.pt%2Fparoquia%2Findex.php%3Frest_route%3D%252Fwp%252Fv2%252Fpages%252F7835&#038;t=Projeto%20Cofinanciados%20pela%20EU&#038;s=100&#038;p&#091;url&#093;=https%3A%2F%2Fwww.paroquiafatima.pt%2Fparoquia%2Findex.php%3Frest_route%3D%252Fwp%252Fv2%252Fpages%252F7835&#038;p&#091;images&#093;&#091;0&#093;=https%3A%2F%2Fwww.paroquiafatima.pt%2Fparoquia%2Fwp-content%2Fuploads%2F2024%2F06%2FProjecto-Cofinanciados-pela-EU-1-e1719788101422.jpg&#038;p&#091;title&#093;=Projeto%20Cofinanciados%20pela%20EU\" style=\"font-size: 0px; width:24px;height:24px;margin:0;margin-bottom:7px;margin-right:7px;\"><img alt=\"Facebook\" title=\"Share on Facebook\" class=\"synved-share-image synved-social-image synved-social-image-share\" width=\"24\" height=\"24\" style=\"display: inline; width:24px;height:24px; margin: 0; padding: 0; border: none; box-shadow: none;\" src=\"https:\/\/www.paroquiafatima.pt\/paroquia\/wp-content\/plugins\/social-media-feather\/synved-social\/image\/social\/regular\/48x48\/facebook.png\" \/><\/a><a class=\"synved-social-button synved-social-button-share synved-social-size-24 synved-social-resolution-single synved-social-provider-twitter nolightbox\" data-provider=\"twitter\" target=\"_blank\" rel=\"nofollow\" title=\"Share on Twitter\" href=\"https:\/\/twitter.com\/intent\/tweet?url=https%3A%2F%2Fwww.paroquiafatima.pt%2Fparoquia%2Findex.php%3Frest_route%3D%252Fwp%252Fv2%252Fpages%252F7835&#038;text=Hey%20check%20this%20out\" style=\"font-size: 0px; width:24px;height:24px;margin:0;margin-bottom:7px;margin-right:7px;\"><img alt=\"twitter\" title=\"Share on Twitter\" class=\"synved-share-image synved-social-image synved-social-image-share\" width=\"24\" height=\"24\" style=\"display: inline; width:24px;height:24px; margin: 0; padding: 0; border: none; box-shadow: none;\" src=\"https:\/\/www.paroquiafatima.pt\/paroquia\/wp-content\/plugins\/social-media-feather\/synved-social\/image\/social\/regular\/48x48\/twitter.png\" \/><\/a><a class=\"synved-social-button synved-social-button-share synved-social-size-24 synved-social-resolution-single synved-social-provider-mail nolightbox\" data-provider=\"mail\" rel=\"nofollow\" title=\"Share by email\" href=\"mailto:?subject=Projeto%20Cofinanciados%20pela%20EU&#038;body=Hey%20check%20this%20out:%20https%3A%2F%2Fwww.paroquiafatima.pt%2Fparoquia%2Findex.php%3Frest_route%3D%252Fwp%252Fv2%252Fpages%252F7835\" style=\"font-size: 0px; width:24px;height:24px;margin:0;margin-bottom:7px;\"><img alt=\"mail\" title=\"Share by email\" class=\"synved-share-image synved-social-image synved-social-image-share\" width=\"24\" height=\"24\" style=\"display: inline; width:24px;height:24px; margin: 0; padding: 0; border: none; box-shadow: none;\" src=\"https:\/\/www.paroquiafatima.pt\/paroquia\/wp-content\/plugins\/social-media-feather\/synved-social\/image\/social\/regular\/48x48\/mail.png\" \/><\/a><\/div>","protected":false},"excerpt":{"rendered":"<p>Breve descri\u00e7\u00e3o do Projecto Cofinanciados pela EU \u00a0 Os projetos cofinanciados s\u00e3o desenvolvidos em parceria com a Uni\u00e3o Europeia (UE), atrav\u00e9s da utiliza\u00e7\u00e3o de fundos comunit\u00e1rios espec\u00edficos. Os fundos comunit\u00e1rios s\u00e3o recursos financeiros, disponibilizados pela UE, que t\u00eam como objetivo promover o desenvolvimento econ\u00f3mico e social dos pa\u00edses-membros, reduzir as [&hellip;]<\/p>\n","protected":false},"author":7,"featured_media":7841,"parent":0,"menu_order":0,"comment_status":"closed","ping_status":"closed","template":"","meta":[],"_links":{"self":[{"href":"https:\/\/www.paroquiafatima.pt\/paroquia\/index.php?rest_route=\/wp\/v2\/pages\/7835"}],"collection":[{"href":"https:\/\/www.paroquiafatima.pt\/paroquia\/index.php?rest_route=\/wp\/v2\/pages"}],"about":[{"href":"https:\/\/www.paroquiafatima.pt\/paroquia\/index.php?rest_route=\/wp\/v2\/types\/page"}],"author":[{"embeddable":true,"href":"https:\/\/www.paroquiafatima.pt\/paroquia\/index.php?rest_route=\/wp\/v2\/users\/7"}],"replies":[{"embeddable":true,"href":"https:\/\/www.paroquiafatima.pt\/paroquia\/index.php?rest_route=%2Fwp%2Fv2%2Fcomments&post=7835"}],"version-history":[{"count":11,"href":"https:\/\/www.paroquiafatima.pt\/paroquia\/index.php?rest_route=\/wp\/v2\/pages\/7835\/revisions"}],"predecessor-version":[{"id":7856,"href":"https:\/\/www.paroquiafatima.pt\/paroquia\/index.php?rest_route=\/wp\/v2\/pages\/7835\/revisions\/7856"}],"wp:featuredmedia":[{"embeddable":true,"href":"https:\/\/www.paroquiafatima.pt\/paroquia\/index.php?rest_route=\/wp\/v2\/media\/7841"}],"wp:attachment":[{"href":"https:\/\/www.paroquiafatima.pt\/paroquia\/index.php?rest_route=%2Fwp%2Fv2%2Fmedia&parent=7835"}],"curies":[{"name":"wp","href":"https:\/\/api.w.org\/{rel}","templated":true}]}}