{"id":73,"date":"2016-05-31T13:36:25","date_gmt":"2016-05-31T13:36:25","guid":{"rendered":"http:\/\/sandradinis.info\/paroquia\/?page_id=73"},"modified":"2025-04-17T15:49:31","modified_gmt":"2025-04-17T15:49:31","slug":"outros","status":"publish","type":"page","link":"https:\/\/www.paroquiafatima.pt\/paroquia\/?page_id=73","title":{"rendered":"Outros"},"content":{"rendered":"<h3>Servi\u00e7os administrativos<\/h3>\n<p><strong>Objectivos:<\/strong><br \/>\n&#8211; Assegurar o acolhimento, expediente e escritura\u00e7\u00e3o de actos.<br \/>\n&#8211; Proceder \u00e0s cobran\u00e7as e ordena\u00e7\u00e3o das contas da comunidade.<br \/>\n&#8211; Apoiar os grupos e movimentos.<\/p>\n<p>Cart\u00f3rio &#8211; Na Igreja da Sagrada Fam\u00edlia<\/p>\n<p>Aberto todos os dias das 9h \u00e0s 12h e das 14h \u00e0s 18.30h<\/p>\n<p>Cart\u00f3rio &#8211; Na Igreja de Nossa Senhora de F\u00e1tima<br \/>\nS\u00e1bado das 14h \u00e0s 19h<br \/>\nDomingo das 9h \u00e0s 12h<\/p>\n<h3>P\u00e1roco<\/h3>\n<p><em><strong>Pe. Artur Rodrigues Coutinho<\/strong><\/em><br \/>\nP\u00e1roco de N.\u00aa Sr.\u00aa de F\u00e1tima<\/p>\n<p><strong>Data de nascimento: <\/strong><br \/>\n7 de Janeiro de 1947, em Mazarefes, Viana.<br \/>\n<strong>Historial: <\/strong><br \/>\nFoi Di\u00e1cono em Balasar, em 1\/10\/71, sendo depois nomeado Director Interino da Casa dos Rapazes, em Fevereiro de 1972.<br \/>\nFoi ordenado Sacerdote em 9 de Julho de 1972, na Ap\u00falia, Esposende. Em 1 de Setembro de 1972, tomou posse das par\u00f3quias das Argas e de Dem. Em 2 de Setembro de 1978, tomou posse como P\u00e1roco da Par\u00f3quia de N.\u00aa Sr.\u00aa de F\u00e1tima.<\/p>\n<h3>Endere\u00e7os Paroquiais<\/h3>\n<p><strong>Igreja de Nossa Senhora de F\u00e1tima<\/strong><br \/>\nMorada: Largo das Carmelitas<\/p>\n<p><strong>Igreja da Sagrada Fam\u00edlia\u00a0<\/strong><\/p>\n<p>Morada: Estrada da Abelheira<\/p>\n<p>Apartado 505<br \/>\n4900-561 Viana do Castelo<br \/>\nTel. 258823029\/258822940<br \/>\nTelm. 968580091<br \/>\nE-mail (correio electr\u00f3nico): paroquia@paroquiafatima.pt<br \/>\nP\u00e1gina na Internet: www.paroquiafatima.com<\/p>\n<h3>Colaboradores<\/h3>\n<p><em><strong>Padre Ant\u00f3nio Belo <\/strong><br \/>\nMorador na Rua Ribeiro da Silva, 47-5\u00ba Esq. Tr<\/em><\/p>\n<p>A colaborar com esta Par\u00f3quia \u00e0 cerca de 30 anos.<\/p>\n<p><strong>R\u00e1dio Geice de 15\u00a0 em 15 dias, \u00e0s quratas-feiras, \u00e0s 21.00H.<\/strong><\/p>\n<p><a href=\"https:\/\/radiogeice.com\/programa\/igreja-presente\/\">Igreja Presente | Categorias | R\u00e1dio Geice (radiogeice.com)<\/a><\/p>\n<div class=\"synved-social-container synved-social-container-share\" style=\"text-align: center\"><a class=\"synved-social-button synved-social-button-share synved-social-size-24 synved-social-resolution-single synved-social-provider-facebook nolightbox\" data-provider=\"facebook\" target=\"_blank\" rel=\"nofollow\" title=\"Share on Facebook\" href=\"http:\/\/www.facebook.com\/sharer.php?u=https%3A%2F%2Fwww.paroquiafatima.pt%2Fparoquia%2Findex.php%3Frest_route%3D%252Fwp%252Fv2%252Fpages%252F73&#038;t=Outros&#038;s=100&#038;p&#091;url&#093;=https%3A%2F%2Fwww.paroquiafatima.pt%2Fparoquia%2Findex.php%3Frest_route%3D%252Fwp%252Fv2%252Fpages%252F73&#038;p&#091;images&#093;&#091;0&#093;=&#038;p&#091;title&#093;=Outros\" style=\"font-size: 0px; width:24px;height:24px;margin:0;margin-bottom:7px;margin-right:7px;\"><img alt=\"Facebook\" title=\"Share on Facebook\" class=\"synved-share-image synved-social-image synved-social-image-share\" width=\"24\" height=\"24\" style=\"display: inline; width:24px;height:24px; margin: 0; padding: 0; border: none; box-shadow: none;\" src=\"https:\/\/www.paroquiafatima.pt\/paroquia\/wp-content\/plugins\/social-media-feather\/synved-social\/image\/social\/regular\/48x48\/facebook.png\" \/><\/a><a class=\"synved-social-button synved-social-button-share synved-social-size-24 synved-social-resolution-single synved-social-provider-twitter nolightbox\" data-provider=\"twitter\" target=\"_blank\" rel=\"nofollow\" title=\"Share on Twitter\" href=\"https:\/\/twitter.com\/intent\/tweet?url=https%3A%2F%2Fwww.paroquiafatima.pt%2Fparoquia%2Findex.php%3Frest_route%3D%252Fwp%252Fv2%252Fpages%252F73&#038;text=Hey%20check%20this%20out\" style=\"font-size: 0px; width:24px;height:24px;margin:0;margin-bottom:7px;margin-right:7px;\"><img alt=\"twitter\" title=\"Share on Twitter\" class=\"synved-share-image synved-social-image synved-social-image-share\" width=\"24\" height=\"24\" style=\"display: inline; width:24px;height:24px; margin: 0; padding: 0; border: none; box-shadow: none;\" src=\"https:\/\/www.paroquiafatima.pt\/paroquia\/wp-content\/plugins\/social-media-feather\/synved-social\/image\/social\/regular\/48x48\/twitter.png\" \/><\/a><a class=\"synved-social-button synved-social-button-share synved-social-size-24 synved-social-resolution-single synved-social-provider-mail nolightbox\" data-provider=\"mail\" rel=\"nofollow\" title=\"Share by email\" href=\"mailto:?subject=Outros&#038;body=Hey%20check%20this%20out:%20https%3A%2F%2Fwww.paroquiafatima.pt%2Fparoquia%2Findex.php%3Frest_route%3D%252Fwp%252Fv2%252Fpages%252F73\" style=\"font-size: 0px; width:24px;height:24px;margin:0;margin-bottom:7px;\"><img alt=\"mail\" title=\"Share by email\" class=\"synved-share-image synved-social-image synved-social-image-share\" width=\"24\" height=\"24\" style=\"display: inline; width:24px;height:24px; margin: 0; padding: 0; border: none; box-shadow: none;\" src=\"https:\/\/www.paroquiafatima.pt\/paroquia\/wp-content\/plugins\/social-media-feather\/synved-social\/image\/social\/regular\/48x48\/mail.png\" \/><\/a><\/div>","protected":false},"excerpt":{"rendered":"<p>Servi\u00e7os administrativos Objectivos: &#8211; Assegurar o acolhimento, expediente e escritura\u00e7\u00e3o de actos. &#8211; Proceder \u00e0s cobran\u00e7as e ordena\u00e7\u00e3o das contas da comunidade. &#8211; Apoiar os grupos e movimentos. Cart\u00f3rio &#8211; Na Igreja da Sagrada Fam\u00edlia Aberto todos os dias das 9h \u00e0s 12h e das 14h \u00e0s 18.30h Cart\u00f3rio &#8211; [&hellip;]<\/p>\n","protected":false},"author":6,"featured_media":0,"parent":0,"menu_order":0,"comment_status":"closed","ping_status":"closed","template":"","meta":[],"_links":{"self":[{"href":"https:\/\/www.paroquiafatima.pt\/paroquia\/index.php?rest_route=\/wp\/v2\/pages\/73"}],"collection":[{"href":"https:\/\/www.paroquiafatima.pt\/paroquia\/index.php?rest_route=\/wp\/v2\/pages"}],"about":[{"href":"https:\/\/www.paroquiafatima.pt\/paroquia\/index.php?rest_route=\/wp\/v2\/types\/page"}],"author":[{"embeddable":true,"href":"https:\/\/www.paroquiafatima.pt\/paroquia\/index.php?rest_route=\/wp\/v2\/users\/6"}],"replies":[{"embeddable":true,"href":"https:\/\/www.paroquiafatima.pt\/paroquia\/index.php?rest_route=%2Fwp%2Fv2%2Fcomments&post=73"}],"version-history":[{"count":26,"href":"https:\/\/www.paroquiafatima.pt\/paroquia\/index.php?rest_route=\/wp\/v2\/pages\/73\/revisions"}],"predecessor-version":[{"id":8507,"href":"https:\/\/www.paroquiafatima.pt\/paroquia\/index.php?rest_route=\/wp\/v2\/pages\/73\/revisions\/8507"}],"wp:attachment":[{"href":"https:\/\/www.paroquiafatima.pt\/paroquia\/index.php?rest_route=%2Fwp%2Fv2%2Fmedia&parent=73"}],"curies":[{"name":"wp","href":"https:\/\/api.w.org\/{rel}","templated":true}]}}