{"id":58,"date":"2016-05-31T13:34:00","date_gmt":"2016-05-31T13:34:00","guid":{"rendered":"http:\/\/sandradinis.info\/paroquia\/?page_id=58"},"modified":"2018-02-01T14:53:23","modified_gmt":"2018-02-01T14:53:23","slug":"conselho-pastoral","status":"publish","type":"page","link":"https:\/\/www.paroquiafatima.pt\/paroquia\/?page_id=58","title":{"rendered":"Conselho Pastoral"},"content":{"rendered":"<p>Fazem parte os movimentos e obras da par\u00f3quia<br \/>\n\u00c9 a express\u00e3o da participa\u00e7\u00e3o dos fi\u00e9is na pastoral de Par\u00f3quia<br \/>\nDiscute e aprova o plano anual de actividades e as contas paroquiais.<\/p>\n<p>A par\u00f3quia \u00e9 uma comunidade constru\u00edda por todos e aberta aos alheios, indiferentes, todas as ra\u00e7as, l\u00edngua, cores, ideais pol\u00edticos, religiosos. Por isso nela cabem todos os movimentos e associa\u00e7\u00f5es aprovados pela Igreja que agem como fermento na massa em ordem \u00e0 constru\u00e7\u00e3o da comunidade paroquial em geral. S\u00f3 chega \u00e0 sua maturidade na medida em que d\u00e1 espa\u00e7o e favorece todos os carismas das pessoas e dos grupos que a comp\u00f5em.<br \/>\nA diversidade e pluralidade de carismas e de minist\u00e9rios n\u00e3o significa caos, antes cria espa\u00e7o e amea\u00e7ar\u00e1 \u00e0 unidade da comunidade? N\u00e3o. Antes a riqueza de dons do Esp\u00edrito, que \u00e9 uno e actua para construir a unidade e a caridade, na celebra\u00e7\u00e3o da palavra.<br \/>\nEncontra abaixo a ficha de inscri\u00e7\u00e3o pastoral para quem desejar colaborar, integrar um ou mais grupos da par\u00f3quia, de acordo com a sua disponibilidade. H\u00e1 um lugar para todos. Procuramos que todos participem na vida e miss\u00e3o da par\u00f3quia: \u201c\u00e9 prefer\u00edvel que muitos fa\u00e7am pouco em vez de que poucos fa\u00e7am tudo\u201d.<\/p>\n<p>\u201c(\u2026) Se algu\u00e9m quiser vir ap\u00f3s Mim, negue-se a si mesmo, tome a sua cruz dia ap\u00f3s dia, e siga-me. Pois, quem quiser salvar a sua vida h\u00e1 de perd\u00ea-la, mas quem perder a sua vida por Minha causa h\u00e1-de salv\u00e1-la\u201d. (Lc. 9. 23-24)<\/p>\n<div class=\"synved-social-container synved-social-container-share\" style=\"text-align: center\"><a class=\"synved-social-button synved-social-button-share synved-social-size-24 synved-social-resolution-single synved-social-provider-facebook nolightbox\" data-provider=\"facebook\" target=\"_blank\" rel=\"nofollow\" title=\"Share on Facebook\" href=\"http:\/\/www.facebook.com\/sharer.php?u=https%3A%2F%2Fwww.paroquiafatima.pt%2Fparoquia%2Findex.php%3Frest_route%3D%252Fwp%252Fv2%252Fpages%252F58&#038;t=Conselho%20Pastoral&#038;s=100&#038;p&#091;url&#093;=https%3A%2F%2Fwww.paroquiafatima.pt%2Fparoquia%2Findex.php%3Frest_route%3D%252Fwp%252Fv2%252Fpages%252F58&#038;p&#091;images&#093;&#091;0&#093;=&#038;p&#091;title&#093;=Conselho%20Pastoral\" style=\"font-size: 0px; width:24px;height:24px;margin:0;margin-bottom:7px;margin-right:7px;\"><img alt=\"Facebook\" title=\"Share on Facebook\" class=\"synved-share-image synved-social-image synved-social-image-share\" width=\"24\" height=\"24\" style=\"display: inline; width:24px;height:24px; margin: 0; padding: 0; border: none; box-shadow: none;\" src=\"https:\/\/www.paroquiafatima.pt\/paroquia\/wp-content\/plugins\/social-media-feather\/synved-social\/image\/social\/regular\/48x48\/facebook.png\" \/><\/a><a class=\"synved-social-button synved-social-button-share synved-social-size-24 synved-social-resolution-single synved-social-provider-twitter nolightbox\" data-provider=\"twitter\" target=\"_blank\" rel=\"nofollow\" title=\"Share on Twitter\" href=\"https:\/\/twitter.com\/intent\/tweet?url=https%3A%2F%2Fwww.paroquiafatima.pt%2Fparoquia%2Findex.php%3Frest_route%3D%252Fwp%252Fv2%252Fpages%252F58&#038;text=Hey%20check%20this%20out\" style=\"font-size: 0px; width:24px;height:24px;margin:0;margin-bottom:7px;margin-right:7px;\"><img alt=\"twitter\" title=\"Share on Twitter\" class=\"synved-share-image synved-social-image synved-social-image-share\" width=\"24\" height=\"24\" style=\"display: inline; width:24px;height:24px; margin: 0; padding: 0; border: none; box-shadow: none;\" src=\"https:\/\/www.paroquiafatima.pt\/paroquia\/wp-content\/plugins\/social-media-feather\/synved-social\/image\/social\/regular\/48x48\/twitter.png\" \/><\/a><a class=\"synved-social-button synved-social-button-share synved-social-size-24 synved-social-resolution-single synved-social-provider-mail nolightbox\" data-provider=\"mail\" rel=\"nofollow\" title=\"Share by email\" href=\"mailto:?subject=Conselho%20Pastoral&#038;body=Hey%20check%20this%20out:%20https%3A%2F%2Fwww.paroquiafatima.pt%2Fparoquia%2Findex.php%3Frest_route%3D%252Fwp%252Fv2%252Fpages%252F58\" style=\"font-size: 0px; width:24px;height:24px;margin:0;margin-bottom:7px;\"><img alt=\"mail\" title=\"Share by email\" class=\"synved-share-image synved-social-image synved-social-image-share\" width=\"24\" height=\"24\" style=\"display: inline; width:24px;height:24px; margin: 0; padding: 0; border: none; box-shadow: none;\" src=\"https:\/\/www.paroquiafatima.pt\/paroquia\/wp-content\/plugins\/social-media-feather\/synved-social\/image\/social\/regular\/48x48\/mail.png\" \/><\/a><\/div>","protected":false},"excerpt":{"rendered":"<p>Fazem parte os movimentos e obras da par\u00f3quia \u00c9 a express\u00e3o da participa\u00e7\u00e3o dos fi\u00e9is na pastoral de Par\u00f3quia Discute e aprova o plano anual de actividades e as contas paroquiais. A par\u00f3quia \u00e9 uma comunidade constru\u00edda por todos e aberta aos alheios, indiferentes, todas as ra\u00e7as, l\u00edngua, cores, ideais [&hellip;]<\/p>\n","protected":false},"author":6,"featured_media":0,"parent":0,"menu_order":0,"comment_status":"closed","ping_status":"closed","template":"","meta":[],"_links":{"self":[{"href":"https:\/\/www.paroquiafatima.pt\/paroquia\/index.php?rest_route=\/wp\/v2\/pages\/58"}],"collection":[{"href":"https:\/\/www.paroquiafatima.pt\/paroquia\/index.php?rest_route=\/wp\/v2\/pages"}],"about":[{"href":"https:\/\/www.paroquiafatima.pt\/paroquia\/index.php?rest_route=\/wp\/v2\/types\/page"}],"author":[{"embeddable":true,"href":"https:\/\/www.paroquiafatima.pt\/paroquia\/index.php?rest_route=\/wp\/v2\/users\/6"}],"replies":[{"embeddable":true,"href":"https:\/\/www.paroquiafatima.pt\/paroquia\/index.php?rest_route=%2Fwp%2Fv2%2Fcomments&post=58"}],"version-history":[{"count":3,"href":"https:\/\/www.paroquiafatima.pt\/paroquia\/index.php?rest_route=\/wp\/v2\/pages\/58\/revisions"}],"predecessor-version":[{"id":2071,"href":"https:\/\/www.paroquiafatima.pt\/paroquia\/index.php?rest_route=\/wp\/v2\/pages\/58\/revisions\/2071"}],"wp:attachment":[{"href":"https:\/\/www.paroquiafatima.pt\/paroquia\/index.php?rest_route=%2Fwp%2Fv2%2Fmedia&parent=58"}],"curies":[{"name":"wp","href":"https:\/\/api.w.org\/{rel}","templated":true}]}}