{"id":54,"date":"2016-05-31T13:32:08","date_gmt":"2016-05-31T13:32:08","guid":{"rendered":"http:\/\/sandradinis.info\/paroquia\/?page_id=54"},"modified":"2016-08-22T16:39:41","modified_gmt":"2016-08-22T16:39:41","slug":"p-historia","status":"publish","type":"page","link":"https:\/\/www.paroquiafatima.pt\/paroquia\/?page_id=54","title":{"rendered":"Hist\u00f3ria"},"content":{"rendered":"<p>O P.e Ant\u00f3nio Neiva e o P.e Rog\u00e9rio Cruz, os primeiros p\u00e1rocos desta Par\u00f3quia, eram assistidos por um Senado Paroquial.<br \/>\nN\u00e3o tinham resid\u00eancia pr\u00f3pria. O P.e Ant\u00f3nio Neiva residiu com o P.e Dr. Ara\u00fajo Cunha, na Matriz. O P.e Rog\u00e9rio Cruz, num apartamento alugado por ele na Abelheira.<br \/>\nEm 1978 n\u00e3o havia arquivo, a n\u00e3o ser uma pasta de convites relacionados com a catequese e um inqu\u00e9rito, assim como os respectivos livros de assentos de casamentos, baptizados, \u00f3bitos e Confirma\u00e7\u00e3o.<br \/>\nAqui vai a primeira acta da Comiss\u00e3o Fabriqueira que levou a obra da Resid\u00eancia, \u00e0 Rua da Bandeira e, ao mesmo tempo, continuou o trabalho do Senado que desde a chegada do novo p\u00e1roco, (ainda em 1978) lutava pela aquisi\u00e7\u00e3o de terreno na Abelheira para um Centro Social Paroquial, onde existissem espa\u00e7os polivalentes at\u00e9 para a missa. Isto mesmo se pode verificar nas actas seguintes come\u00e7ando na terceira.<\/p>\n<p>&nbsp;<\/p>\n<h3>Acta n\u00famero um.<\/h3>\n<p>\u201cAos dezasseis dias de Fevereiro de mil novecentos e setenta e nove, reuniu numa sala da Par\u00f3quia de Nossa Senhora de F\u00e1tima, em Viana do Castelo, pelas vinte e uma horas e trinta minutos , sob a Presid\u00eancia do Padre Artur Coutinho, a comiss\u00e3o fabriqueira da dita Par\u00f3quia, composta por: Padre Artur Coutinho, Jos\u00e9 de Sousa Carneiro Martins, Ab\u00edlio Fonta\u00ednha Borja Serafim e Ab\u00edlio Rodrigues Areias, Fernando Manuel Gomes Cerqueira.<br \/>\nCom a seguinte ordem de trabalhos: Defini\u00e7\u00e3o de tarefas; Inventaria\u00e7\u00e3o dos bens existentes; Movimenta\u00e7\u00e3o e dep\u00f3sito de dinheiro no Banco do Fomento; An\u00e1lise das contas (da Par\u00f3quia) e Angaria\u00e7\u00e3o de fundos para a mesma.<br \/>\nPadre Artur Rodrigues Coutinho \u2013 Presidente; Jos\u00e9 de Sousa Carneiro Martins \u2013 Secret\u00e1rio; Ab\u00edlio Orlando Fonta\u00ednha de Borja Serafim \u2013 Tesoureiro; Ab\u00edlio Rodrigues Areias \u2013 Vogal; Fernando Manuel Gomes Cerqueira \u2013 Vogal.<br \/>\nMudar o nome da conta banc\u00e1ria, onde dever\u00e1 constar o nome de todos os elementos que constituem a Comiss\u00e3o, embora que para a assinatura dos cheques seja suficiente duas assinaturas. O dinheiro dever\u00e1 ficar depositado \u00e0 ordem, no Banco do Fomento. Das d\u00edvidas foram focadas: a da m\u00e1quina de cinema que s\u00e3o trinta e cinco mil escudos, cadeiras para a sala de conv\u00edvio, resguardo do cart\u00f3rio, como de car\u00e1cter priorit\u00e1rio. Angariar fundos para cobrir os d\u00e9fices como, por exemplo: convidando alguns grupos de teatro amador a virem actuar no Sal\u00e3o do Carmo, criar um grupo de teatro e outras.<br \/>\nFoi proposto um voto de louvor aos Paroquianos: A. Ribeiro Torres, pela valiosa colabora\u00e7\u00e3o prestada na exposi\u00e7\u00e3o medalh\u00edstica realizada na Par\u00f3quia, de vinte e sete de Janeiro a tr\u00eas de Fevereiro, ao senhor Jos\u00e9 Maduro que, gratuitamente, assim como o senhor Fernando Amado t\u00eam colaborado na parte da carpintaria e electricidade respectivamente, e ainda \u00e0 equipa de cinema, constitu\u00edda por \u00c1lvaro Alpuim, Jos\u00e9 Rodrigues, Armando Costa, Joaquim Martins Gomes e Em\u00edlio Jorge Ramos Rodrigues.<br \/>\nAssim foi dada a reuni\u00e3o como conclu\u00edda e, por ser verdade, lavrei esta acta que depois de lida vai ser assinada pelos presentes, por mim secret\u00e1rio, pelo Presidente, tesoureiro e vogal.\u201d<\/p>\n<p>&nbsp;<\/p>\n<div class=\"synved-social-container synved-social-container-share\" style=\"text-align: center\"><a class=\"synved-social-button synved-social-button-share synved-social-size-24 synved-social-resolution-single synved-social-provider-facebook nolightbox\" data-provider=\"facebook\" target=\"_blank\" rel=\"nofollow\" title=\"Share on Facebook\" href=\"http:\/\/www.facebook.com\/sharer.php?u=https%3A%2F%2Fwww.paroquiafatima.pt%2Fparoquia%2Findex.php%3Frest_route%3D%252Fwp%252Fv2%252Fpages%252F54&#038;t=Hist%C3%B3ria&#038;s=100&#038;p&#091;url&#093;=https%3A%2F%2Fwww.paroquiafatima.pt%2Fparoquia%2Findex.php%3Frest_route%3D%252Fwp%252Fv2%252Fpages%252F54&#038;p&#091;images&#093;&#091;0&#093;=&#038;p&#091;title&#093;=Hist%C3%B3ria\" style=\"font-size: 0px; width:24px;height:24px;margin:0;margin-bottom:7px;margin-right:7px;\"><img alt=\"Facebook\" title=\"Share on Facebook\" class=\"synved-share-image synved-social-image synved-social-image-share\" width=\"24\" height=\"24\" style=\"display: inline; width:24px;height:24px; margin: 0; padding: 0; border: none; box-shadow: none;\" src=\"https:\/\/www.paroquiafatima.pt\/paroquia\/wp-content\/plugins\/social-media-feather\/synved-social\/image\/social\/regular\/48x48\/facebook.png\" \/><\/a><a class=\"synved-social-button synved-social-button-share synved-social-size-24 synved-social-resolution-single synved-social-provider-twitter nolightbox\" data-provider=\"twitter\" target=\"_blank\" rel=\"nofollow\" title=\"Share on Twitter\" href=\"https:\/\/twitter.com\/intent\/tweet?url=https%3A%2F%2Fwww.paroquiafatima.pt%2Fparoquia%2Findex.php%3Frest_route%3D%252Fwp%252Fv2%252Fpages%252F54&#038;text=Hey%20check%20this%20out\" style=\"font-size: 0px; width:24px;height:24px;margin:0;margin-bottom:7px;margin-right:7px;\"><img alt=\"twitter\" title=\"Share on Twitter\" class=\"synved-share-image synved-social-image synved-social-image-share\" width=\"24\" height=\"24\" style=\"display: inline; width:24px;height:24px; margin: 0; padding: 0; border: none; box-shadow: none;\" src=\"https:\/\/www.paroquiafatima.pt\/paroquia\/wp-content\/plugins\/social-media-feather\/synved-social\/image\/social\/regular\/48x48\/twitter.png\" \/><\/a><a class=\"synved-social-button synved-social-button-share synved-social-size-24 synved-social-resolution-single synved-social-provider-mail nolightbox\" data-provider=\"mail\" rel=\"nofollow\" title=\"Share by email\" href=\"mailto:?subject=Hist%C3%B3ria&#038;body=Hey%20check%20this%20out:%20https%3A%2F%2Fwww.paroquiafatima.pt%2Fparoquia%2Findex.php%3Frest_route%3D%252Fwp%252Fv2%252Fpages%252F54\" style=\"font-size: 0px; width:24px;height:24px;margin:0;margin-bottom:7px;\"><img alt=\"mail\" title=\"Share by email\" class=\"synved-share-image synved-social-image synved-social-image-share\" width=\"24\" height=\"24\" style=\"display: inline; width:24px;height:24px; margin: 0; padding: 0; border: none; box-shadow: none;\" src=\"https:\/\/www.paroquiafatima.pt\/paroquia\/wp-content\/plugins\/social-media-feather\/synved-social\/image\/social\/regular\/48x48\/mail.png\" \/><\/a><\/div>","protected":false},"excerpt":{"rendered":"<p>O P.e Ant\u00f3nio Neiva e o P.e Rog\u00e9rio Cruz, os primeiros p\u00e1rocos desta Par\u00f3quia, eram assistidos por um Senado Paroquial. N\u00e3o tinham resid\u00eancia pr\u00f3pria. O P.e Ant\u00f3nio Neiva residiu com o P.e Dr. Ara\u00fajo Cunha, na Matriz. O P.e Rog\u00e9rio Cruz, num apartamento alugado por ele na Abelheira. Em 1978 [&hellip;]<\/p>\n","protected":false},"author":6,"featured_media":0,"parent":0,"menu_order":0,"comment_status":"closed","ping_status":"closed","template":"","meta":[],"_links":{"self":[{"href":"https:\/\/www.paroquiafatima.pt\/paroquia\/index.php?rest_route=\/wp\/v2\/pages\/54"}],"collection":[{"href":"https:\/\/www.paroquiafatima.pt\/paroquia\/index.php?rest_route=\/wp\/v2\/pages"}],"about":[{"href":"https:\/\/www.paroquiafatima.pt\/paroquia\/index.php?rest_route=\/wp\/v2\/types\/page"}],"author":[{"embeddable":true,"href":"https:\/\/www.paroquiafatima.pt\/paroquia\/index.php?rest_route=\/wp\/v2\/users\/6"}],"replies":[{"embeddable":true,"href":"https:\/\/www.paroquiafatima.pt\/paroquia\/index.php?rest_route=%2Fwp%2Fv2%2Fcomments&post=54"}],"version-history":[{"count":1,"href":"https:\/\/www.paroquiafatima.pt\/paroquia\/index.php?rest_route=\/wp\/v2\/pages\/54\/revisions"}],"predecessor-version":[{"id":1600,"href":"https:\/\/www.paroquiafatima.pt\/paroquia\/index.php?rest_route=\/wp\/v2\/pages\/54\/revisions\/1600"}],"wp:attachment":[{"href":"https:\/\/www.paroquiafatima.pt\/paroquia\/index.php?rest_route=%2Fwp%2Fv2%2Fmedia&parent=54"}],"curies":[{"name":"wp","href":"https:\/\/api.w.org\/{rel}","templated":true}]}}