{"id":52,"date":"2016-05-31T13:31:48","date_gmt":"2016-05-31T13:31:48","guid":{"rendered":"http:\/\/sandradinis.info\/paroquia\/?page_id=52"},"modified":"2016-07-29T08:28:15","modified_gmt":"2016-07-29T08:28:15","slug":"p-missao-e-valores","status":"publish","type":"page","link":"https:\/\/www.paroquiafatima.pt\/paroquia\/?page_id=52","title":{"rendered":"Vis\u00e3o Miss\u00e3o e Valores"},"content":{"rendered":"<h3>Miss\u00e3o<\/h3>\n<p>Somos, chamados pelo nosso Pai do C\u00e9u para formar a Comunidade Paroquial de Nossa Senhora de F\u00e1tima e afirmar que a nossa Miss\u00e3o e Compromisso com Deus, \u00e9 continuar o minist\u00e9rio do seu Filho Nosso Senhor, em Viana do castelo, sob a orienta\u00e7\u00e3o do Bispo.<\/p>\n<p>&nbsp;<\/p>\n<h3>Vis\u00e3o<\/h3>\n<p>Ao Ser uma Comunidade no Senhor Jesus Cristo que reconhece e aceita a diversidade na fam\u00edlia paroquia.<br \/>\n&nbsp;<br \/>\nEncorajar cada paroquiano, especialmente os jovens, para um compromisso activo.<\/p>\n<p>&nbsp;<\/p>\n<h3>Compromisso<\/h3>\n<p>Com os objectivos e os procedimentos com qualidade<br \/>\n&nbsp;<br \/>\ncomprometemo-nos a ser uma comunidade hospitaleira respeitando e encorajando a partilho de talentos, dons,\u00a0 tesouros, tradi\u00e7\u00f5es, nas culturas presentes na Par\u00f3quia em esp\u00edrito de gratuidade paroquial;<br \/>\n&nbsp;<br \/>\ncomprometemo-nos a unir todos os paroquianos e os mais respons\u00e1veis atrav\u00e9s de uma mais intensa evangeliza\u00e7\u00e3o com f\u00f3rum aberto, debates e conv\u00edvios de comunidade entre todos, criando um clima de proximidade fraternal;<br \/>\n&nbsp;<br \/>\ncomprometemo-nos a convidar, educar e acarinhar os nossos novos paroquianos na \u00e1rea da palavra, celebra\u00e7\u00e3o, Evangeliza\u00e7\u00e3o, Educa\u00e7\u00e3o, caridade e partilha;<br \/>\n&nbsp;<br \/>\ncomprometemo-nos a apresentar servi\u00e7os \u00e0s crian\u00e7as abandonadas, \u00e0s crian\u00e7as em pr\u00e9-prim\u00e1ria, \u00e0s crian\u00e7as em ATL, \u00e0s crian\u00e7as em geral; aos adolescentes e jovens, aos doentes, aos idosos nos centros e ao domic\u00edlio, aos solit\u00e1rios, aos pobres e aos famintos.<\/p>\n<p>&nbsp;<\/p>\n<div class=\"synved-social-container synved-social-container-share\" style=\"text-align: center\"><a class=\"synved-social-button synved-social-button-share synved-social-size-24 synved-social-resolution-single synved-social-provider-facebook nolightbox\" data-provider=\"facebook\" target=\"_blank\" rel=\"nofollow\" title=\"Share on Facebook\" href=\"http:\/\/www.facebook.com\/sharer.php?u=https%3A%2F%2Fwww.paroquiafatima.pt%2Fparoquia%2Findex.php%3Frest_route%3D%252Fwp%252Fv2%252Fpages%252F52&#038;t=Vis%C3%A3o%20Miss%C3%A3o%20e%20Valores&#038;s=100&#038;p&#091;url&#093;=https%3A%2F%2Fwww.paroquiafatima.pt%2Fparoquia%2Findex.php%3Frest_route%3D%252Fwp%252Fv2%252Fpages%252F52&#038;p&#091;images&#093;&#091;0&#093;=&#038;p&#091;title&#093;=Vis%C3%A3o%20Miss%C3%A3o%20e%20Valores\" style=\"font-size: 0px; width:24px;height:24px;margin:0;margin-bottom:7px;margin-right:7px;\"><img alt=\"Facebook\" title=\"Share on Facebook\" class=\"synved-share-image synved-social-image synved-social-image-share\" width=\"24\" height=\"24\" style=\"display: inline; width:24px;height:24px; margin: 0; padding: 0; border: none; box-shadow: none;\" src=\"https:\/\/www.paroquiafatima.pt\/paroquia\/wp-content\/plugins\/social-media-feather\/synved-social\/image\/social\/regular\/48x48\/facebook.png\" \/><\/a><a class=\"synved-social-button synved-social-button-share synved-social-size-24 synved-social-resolution-single synved-social-provider-twitter nolightbox\" data-provider=\"twitter\" target=\"_blank\" rel=\"nofollow\" title=\"Share on Twitter\" href=\"https:\/\/twitter.com\/intent\/tweet?url=https%3A%2F%2Fwww.paroquiafatima.pt%2Fparoquia%2Findex.php%3Frest_route%3D%252Fwp%252Fv2%252Fpages%252F52&#038;text=Hey%20check%20this%20out\" style=\"font-size: 0px; width:24px;height:24px;margin:0;margin-bottom:7px;margin-right:7px;\"><img alt=\"twitter\" title=\"Share on Twitter\" class=\"synved-share-image synved-social-image synved-social-image-share\" width=\"24\" height=\"24\" style=\"display: inline; width:24px;height:24px; margin: 0; padding: 0; border: none; box-shadow: none;\" src=\"https:\/\/www.paroquiafatima.pt\/paroquia\/wp-content\/plugins\/social-media-feather\/synved-social\/image\/social\/regular\/48x48\/twitter.png\" \/><\/a><a class=\"synved-social-button synved-social-button-share synved-social-size-24 synved-social-resolution-single synved-social-provider-mail nolightbox\" data-provider=\"mail\" rel=\"nofollow\" title=\"Share by email\" href=\"mailto:?subject=Vis%C3%A3o%20Miss%C3%A3o%20e%20Valores&#038;body=Hey%20check%20this%20out:%20https%3A%2F%2Fwww.paroquiafatima.pt%2Fparoquia%2Findex.php%3Frest_route%3D%252Fwp%252Fv2%252Fpages%252F52\" style=\"font-size: 0px; width:24px;height:24px;margin:0;margin-bottom:7px;\"><img alt=\"mail\" title=\"Share by email\" class=\"synved-share-image synved-social-image synved-social-image-share\" width=\"24\" height=\"24\" style=\"display: inline; width:24px;height:24px; margin: 0; padding: 0; border: none; box-shadow: none;\" src=\"https:\/\/www.paroquiafatima.pt\/paroquia\/wp-content\/plugins\/social-media-feather\/synved-social\/image\/social\/regular\/48x48\/mail.png\" \/><\/a><\/div>","protected":false},"excerpt":{"rendered":"<p>Miss\u00e3o Somos, chamados pelo nosso Pai do C\u00e9u para formar a Comunidade Paroquial de Nossa Senhora de F\u00e1tima e afirmar que a nossa Miss\u00e3o e Compromisso com Deus, \u00e9 continuar o minist\u00e9rio do seu Filho Nosso Senhor, em Viana do castelo, sob a orienta\u00e7\u00e3o do Bispo. &nbsp; Vis\u00e3o Ao Ser [&hellip;]<\/p>\n","protected":false},"author":6,"featured_media":0,"parent":0,"menu_order":0,"comment_status":"closed","ping_status":"closed","template":"","meta":[],"_links":{"self":[{"href":"https:\/\/www.paroquiafatima.pt\/paroquia\/index.php?rest_route=\/wp\/v2\/pages\/52"}],"collection":[{"href":"https:\/\/www.paroquiafatima.pt\/paroquia\/index.php?rest_route=\/wp\/v2\/pages"}],"about":[{"href":"https:\/\/www.paroquiafatima.pt\/paroquia\/index.php?rest_route=\/wp\/v2\/types\/page"}],"author":[{"embeddable":true,"href":"https:\/\/www.paroquiafatima.pt\/paroquia\/index.php?rest_route=\/wp\/v2\/users\/6"}],"replies":[{"embeddable":true,"href":"https:\/\/www.paroquiafatima.pt\/paroquia\/index.php?rest_route=%2Fwp%2Fv2%2Fcomments&post=52"}],"version-history":[{"count":1,"href":"https:\/\/www.paroquiafatima.pt\/paroquia\/index.php?rest_route=\/wp\/v2\/pages\/52\/revisions"}],"predecessor-version":[{"id":1597,"href":"https:\/\/www.paroquiafatima.pt\/paroquia\/index.php?rest_route=\/wp\/v2\/pages\/52\/revisions\/1597"}],"wp:attachment":[{"href":"https:\/\/www.paroquiafatima.pt\/paroquia\/index.php?rest_route=%2Fwp%2Fv2%2Fmedia&parent=52"}],"curies":[{"name":"wp","href":"https:\/\/api.w.org\/{rel}","templated":true}]}}