{"id":48,"date":"2016-05-31T13:30:51","date_gmt":"2016-05-31T13:30:51","guid":{"rendered":"http:\/\/sandradinis.info\/paroquia\/?page_id=48"},"modified":"2024-12-17T17:01:09","modified_gmt":"2024-12-17T17:01:09","slug":"contactos-paroquia","status":"publish","type":"page","link":"https:\/\/www.paroquiafatima.pt\/paroquia\/?page_id=48","title":{"rendered":"Contactos da Par\u00f3quia"},"content":{"rendered":"<p><strong>Par\u00f3quia de Nossa Senhora de F\u00e1tima<\/strong><br \/>\nRua da Bandeira, 635<br \/>\nApartado 505 &#8211; Pra\u00e7a Alto-Minho<br \/>\n4900-561 Viana do Castelo<\/p>\n<p><strong>Telefone:<\/strong> 258822940 Igreja Paroquial Nossa Senhora de F\u00e1tima<br \/>\n<strong>Telefone:<\/strong> 258 823029 Igreja Sagrada Fam\u00edlia<br \/>\n<strong>Email:<\/strong> paroquia@paroquiafatima.pt<br \/>\n<strong>Facebook:<\/strong> https:\/\/www.facebook.com\/paroquia.nsrafatima.5<\/p>\n<h3><strong>Contacte-nos<\/strong><\/h3>\n<p><div class=\"video-container\"><iframe loading=\"lazy\" src=\"https:\/\/docs.google.com\/forms\/d\/e\/1FAIpQLScXTdjCIz8borRmG7wMXa4GOVZSGgWpKK867QTrK51huHDsNg\/viewform?embedded=true\" width=\"900\" height=\"800\" frameborder=\"0\" marginwidth=\"0\" marginheight=\"0\">Carregando\u2026<\/iframe><\/div><\/p>\n<div class=\"synved-social-container synved-social-container-share\" style=\"text-align: center\"><a class=\"synved-social-button synved-social-button-share synved-social-size-24 synved-social-resolution-single synved-social-provider-facebook nolightbox\" data-provider=\"facebook\" target=\"_blank\" rel=\"nofollow\" title=\"Share on Facebook\" href=\"http:\/\/www.facebook.com\/sharer.php?u=https%3A%2F%2Fwww.paroquiafatima.pt%2Fparoquia%2Findex.php%3Frest_route%3D%252Fwp%252Fv2%252Fpages%252F48&#038;t=Contactos%20da%20Par%C3%B3quia&#038;s=100&#038;p&#091;url&#093;=https%3A%2F%2Fwww.paroquiafatima.pt%2Fparoquia%2Findex.php%3Frest_route%3D%252Fwp%252Fv2%252Fpages%252F48&#038;p&#091;images&#093;&#091;0&#093;=&#038;p&#091;title&#093;=Contactos%20da%20Par%C3%B3quia\" style=\"font-size: 0px; width:24px;height:24px;margin:0;margin-bottom:7px;margin-right:7px;\"><img alt=\"Facebook\" title=\"Share on Facebook\" class=\"synved-share-image synved-social-image synved-social-image-share\" width=\"24\" height=\"24\" style=\"display: inline; width:24px;height:24px; margin: 0; padding: 0; border: none; box-shadow: none;\" src=\"https:\/\/www.paroquiafatima.pt\/paroquia\/wp-content\/plugins\/social-media-feather\/synved-social\/image\/social\/regular\/48x48\/facebook.png\" \/><\/a><a class=\"synved-social-button synved-social-button-share synved-social-size-24 synved-social-resolution-single synved-social-provider-twitter nolightbox\" data-provider=\"twitter\" target=\"_blank\" rel=\"nofollow\" title=\"Share on Twitter\" href=\"https:\/\/twitter.com\/intent\/tweet?url=https%3A%2F%2Fwww.paroquiafatima.pt%2Fparoquia%2Findex.php%3Frest_route%3D%252Fwp%252Fv2%252Fpages%252F48&#038;text=Hey%20check%20this%20out\" style=\"font-size: 0px; width:24px;height:24px;margin:0;margin-bottom:7px;margin-right:7px;\"><img alt=\"twitter\" title=\"Share on Twitter\" class=\"synved-share-image synved-social-image synved-social-image-share\" width=\"24\" height=\"24\" style=\"display: inline; width:24px;height:24px; margin: 0; padding: 0; border: none; box-shadow: none;\" src=\"https:\/\/www.paroquiafatima.pt\/paroquia\/wp-content\/plugins\/social-media-feather\/synved-social\/image\/social\/regular\/48x48\/twitter.png\" \/><\/a><a class=\"synved-social-button synved-social-button-share synved-social-size-24 synved-social-resolution-single synved-social-provider-mail nolightbox\" data-provider=\"mail\" rel=\"nofollow\" title=\"Share by email\" href=\"mailto:?subject=Contactos%20da%20Par%C3%B3quia&#038;body=Hey%20check%20this%20out:%20https%3A%2F%2Fwww.paroquiafatima.pt%2Fparoquia%2Findex.php%3Frest_route%3D%252Fwp%252Fv2%252Fpages%252F48\" style=\"font-size: 0px; width:24px;height:24px;margin:0;margin-bottom:7px;\"><img alt=\"mail\" title=\"Share by email\" class=\"synved-share-image synved-social-image synved-social-image-share\" width=\"24\" height=\"24\" style=\"display: inline; width:24px;height:24px; margin: 0; padding: 0; border: none; box-shadow: none;\" src=\"https:\/\/www.paroquiafatima.pt\/paroquia\/wp-content\/plugins\/social-media-feather\/synved-social\/image\/social\/regular\/48x48\/mail.png\" \/><\/a><\/div>","protected":false},"excerpt":{"rendered":"<p>Par\u00f3quia de Nossa Senhora de F\u00e1tima Rua da Bandeira, 635 Apartado 505 &#8211; Pra\u00e7a Alto-Minho 4900-561 Viana do Castelo Telefone: 258822940 Igreja Paroquial Nossa Senhora de F\u00e1tima Telefone: 258 823029 Igreja Sagrada Fam\u00edlia Email: paroquia@paroquiafatima.pt Facebook: https:\/\/www.facebook.com\/paroquia.nsrafatima.5 Contacte-nos Carregando\u2026<\/p>\n","protected":false},"author":6,"featured_media":0,"parent":0,"menu_order":0,"comment_status":"closed","ping_status":"closed","template":"","meta":[],"_links":{"self":[{"href":"https:\/\/www.paroquiafatima.pt\/paroquia\/index.php?rest_route=\/wp\/v2\/pages\/48"}],"collection":[{"href":"https:\/\/www.paroquiafatima.pt\/paroquia\/index.php?rest_route=\/wp\/v2\/pages"}],"about":[{"href":"https:\/\/www.paroquiafatima.pt\/paroquia\/index.php?rest_route=\/wp\/v2\/types\/page"}],"author":[{"embeddable":true,"href":"https:\/\/www.paroquiafatima.pt\/paroquia\/index.php?rest_route=\/wp\/v2\/users\/6"}],"replies":[{"embeddable":true,"href":"https:\/\/www.paroquiafatima.pt\/paroquia\/index.php?rest_route=%2Fwp%2Fv2%2Fcomments&post=48"}],"version-history":[{"count":15,"href":"https:\/\/www.paroquiafatima.pt\/paroquia\/index.php?rest_route=\/wp\/v2\/pages\/48\/revisions"}],"predecessor-version":[{"id":8101,"href":"https:\/\/www.paroquiafatima.pt\/paroquia\/index.php?rest_route=\/wp\/v2\/pages\/48\/revisions\/8101"}],"wp:attachment":[{"href":"https:\/\/www.paroquiafatima.pt\/paroquia\/index.php?rest_route=%2Fwp%2Fv2%2Fmedia&parent=48"}],"curies":[{"name":"wp","href":"https:\/\/api.w.org\/{rel}","templated":true}]}}