{"id":39,"date":"2016-05-31T13:29:11","date_gmt":"2016-05-31T13:29:11","guid":{"rendered":"http:\/\/sandradinis.info\/paroquia\/?page_id=39"},"modified":"2016-07-01T15:20:25","modified_gmt":"2016-07-01T15:20:25","slug":"campanhas1","status":"publish","type":"page","link":"https:\/\/www.paroquiafatima.pt\/paroquia\/?page_id=39","title":{"rendered":"Campanhas"},"content":{"rendered":"<h3>Ajude-nos a Ajudar: Como?<\/h3>\n<p><b>Campanhas \u2013 Ajude-nos Ajudar<\/b><br \/>\nNeste momento temos a Decorrer a campanha de recolha de alimentos nos supermercados Miranda e Econ\u00f3mico;<br \/>\n&nbsp;<br \/>\nSe tem alimentos que pode dispensar N\u00e3o hesite em contactar-nos porque n\u00f3s vamos busc\u00e1-los.<br \/>\n&nbsp;<br \/>\nRecolhemos mob\u00edlias (novas ou usadas), ferro velho, papel que reverte a favor desta Par\u00f3quia e Centro Social. <\/p>\n<div class=\"synved-social-container synved-social-container-share\" style=\"text-align: center\"><a class=\"synved-social-button synved-social-button-share synved-social-size-24 synved-social-resolution-single synved-social-provider-facebook nolightbox\" data-provider=\"facebook\" target=\"_blank\" rel=\"nofollow\" title=\"Share on Facebook\" href=\"http:\/\/www.facebook.com\/sharer.php?u=https%3A%2F%2Fwww.paroquiafatima.pt%2Fparoquia%2Findex.php%3Frest_route%3D%252Fwp%252Fv2%252Fpages%252F39&#038;t=Campanhas&#038;s=100&#038;p&#091;url&#093;=https%3A%2F%2Fwww.paroquiafatima.pt%2Fparoquia%2Findex.php%3Frest_route%3D%252Fwp%252Fv2%252Fpages%252F39&#038;p&#091;images&#093;&#091;0&#093;=&#038;p&#091;title&#093;=Campanhas\" style=\"font-size: 0px; width:24px;height:24px;margin:0;margin-bottom:7px;margin-right:7px;\"><img alt=\"Facebook\" title=\"Share on Facebook\" class=\"synved-share-image synved-social-image synved-social-image-share\" width=\"24\" height=\"24\" style=\"display: inline; width:24px;height:24px; margin: 0; padding: 0; border: none; box-shadow: none;\" src=\"https:\/\/www.paroquiafatima.pt\/paroquia\/wp-content\/plugins\/social-media-feather\/synved-social\/image\/social\/regular\/48x48\/facebook.png\" \/><\/a><a class=\"synved-social-button synved-social-button-share synved-social-size-24 synved-social-resolution-single synved-social-provider-twitter nolightbox\" data-provider=\"twitter\" target=\"_blank\" rel=\"nofollow\" title=\"Share on Twitter\" href=\"https:\/\/twitter.com\/intent\/tweet?url=https%3A%2F%2Fwww.paroquiafatima.pt%2Fparoquia%2Findex.php%3Frest_route%3D%252Fwp%252Fv2%252Fpages%252F39&#038;text=Hey%20check%20this%20out\" style=\"font-size: 0px; width:24px;height:24px;margin:0;margin-bottom:7px;margin-right:7px;\"><img alt=\"twitter\" title=\"Share on Twitter\" class=\"synved-share-image synved-social-image synved-social-image-share\" width=\"24\" height=\"24\" style=\"display: inline; width:24px;height:24px; margin: 0; padding: 0; border: none; box-shadow: none;\" src=\"https:\/\/www.paroquiafatima.pt\/paroquia\/wp-content\/plugins\/social-media-feather\/synved-social\/image\/social\/regular\/48x48\/twitter.png\" \/><\/a><a class=\"synved-social-button synved-social-button-share synved-social-size-24 synved-social-resolution-single synved-social-provider-mail nolightbox\" data-provider=\"mail\" rel=\"nofollow\" title=\"Share by email\" href=\"mailto:?subject=Campanhas&#038;body=Hey%20check%20this%20out:%20https%3A%2F%2Fwww.paroquiafatima.pt%2Fparoquia%2Findex.php%3Frest_route%3D%252Fwp%252Fv2%252Fpages%252F39\" style=\"font-size: 0px; width:24px;height:24px;margin:0;margin-bottom:7px;\"><img alt=\"mail\" title=\"Share by email\" class=\"synved-share-image synved-social-image synved-social-image-share\" width=\"24\" height=\"24\" style=\"display: inline; width:24px;height:24px; margin: 0; padding: 0; border: none; box-shadow: none;\" src=\"https:\/\/www.paroquiafatima.pt\/paroquia\/wp-content\/plugins\/social-media-feather\/synved-social\/image\/social\/regular\/48x48\/mail.png\" \/><\/a><\/div>","protected":false},"excerpt":{"rendered":"<p>Ajude-nos a Ajudar: Como? Campanhas \u2013 Ajude-nos Ajudar Neste momento temos a Decorrer a campanha de recolha de alimentos nos supermercados Miranda e Econ\u00f3mico; &nbsp; Se tem alimentos que pode dispensar N\u00e3o hesite em contactar-nos porque n\u00f3s vamos busc\u00e1-los. &nbsp; Recolhemos mob\u00edlias (novas ou usadas), ferro velho, papel que reverte [&hellip;]<\/p>\n","protected":false},"author":8,"featured_media":0,"parent":0,"menu_order":0,"comment_status":"closed","ping_status":"closed","template":"","meta":[],"_links":{"self":[{"href":"https:\/\/www.paroquiafatima.pt\/paroquia\/index.php?rest_route=\/wp\/v2\/pages\/39"}],"collection":[{"href":"https:\/\/www.paroquiafatima.pt\/paroquia\/index.php?rest_route=\/wp\/v2\/pages"}],"about":[{"href":"https:\/\/www.paroquiafatima.pt\/paroquia\/index.php?rest_route=\/wp\/v2\/types\/page"}],"author":[{"embeddable":true,"href":"https:\/\/www.paroquiafatima.pt\/paroquia\/index.php?rest_route=\/wp\/v2\/users\/8"}],"replies":[{"embeddable":true,"href":"https:\/\/www.paroquiafatima.pt\/paroquia\/index.php?rest_route=%2Fwp%2Fv2%2Fcomments&post=39"}],"version-history":[{"count":3,"href":"https:\/\/www.paroquiafatima.pt\/paroquia\/index.php?rest_route=\/wp\/v2\/pages\/39\/revisions"}],"predecessor-version":[{"id":1332,"href":"https:\/\/www.paroquiafatima.pt\/paroquia\/index.php?rest_route=\/wp\/v2\/pages\/39\/revisions\/1332"}],"wp:attachment":[{"href":"https:\/\/www.paroquiafatima.pt\/paroquia\/index.php?rest_route=%2Fwp%2Fv2%2Fmedia&parent=39"}],"curies":[{"name":"wp","href":"https:\/\/api.w.org\/{rel}","templated":true}]}}