{"id":28,"date":"2016-05-31T13:21:09","date_gmt":"2016-05-31T13:21:09","guid":{"rendered":"http:\/\/sandradinis.info\/paroquia\/?page_id=28"},"modified":"2016-07-01T15:03:44","modified_gmt":"2016-07-01T15:03:44","slug":"paroquia-obra-da-igreja-da-sagrada-familia","status":"publish","type":"page","link":"https:\/\/www.paroquiafatima.pt\/paroquia\/?page_id=28","title":{"rendered":"Par\u00f3quia (Obra da Igreja da Sagrada Fam\u00edlia)"},"content":{"rendered":"<p>\u201cA obra, na parte respeitante \u00e0 Nova Igreja est\u00e1 conclu\u00edda e inaugurada. Por\u00e9m, para o conseguirmos, tivemos de contrair um pesado empr\u00e9stimo banc\u00e1rio num valor superior a um milh\u00e3o de euros sujeitos a juros e amortiza\u00e7\u00e3o de dif\u00edcil cumprimento devidas \u00e0s limita\u00e7\u00f5es com que lutamos nas dolorosas condi\u00e7\u00f5es econ\u00f3micas por que as fam\u00edlias e o pa\u00eds atravessam.<br \/>\n&nbsp;<br \/>\nPor isso, estando conscientes da generosidade e esp\u00edrito de solidariedade dos nossos amigos, meus amigos, para com os problemas que esta Comunidade se debate nesta cidade e porque certamente s\u00e3o sens\u00edveis \u00e0 dignidade e import\u00e2ncia da causa que lhes apresentamos, venho suplicar a vossa ajuda atrav\u00e9s da recolha de donativos em dinheiro que nos possam ajudar a levarmos a cabo esta obra t\u00e3o importante para a nossa Comunidade e para cuja conclus\u00e3o t\u00e3o carenciados nos encontramos de meios.<br \/>\n&nbsp;<br \/>\n<b>Por toda a ajuda que nos possam prestar-nos ficaremos imensamente gratos e certamente que Nossa Senhora de F\u00e1tima, nossa padroeira, n\u00e3o deixar\u00e1 de compensar t\u00e3o generoso gesto.\u201d<\/b><br \/>\n&nbsp;<br \/>\nEntregue no cart\u00f3rio ou deposite na Conta Caixa Geral de Dep\u00f3sitos: IBAN \u2013 PT50003507510000630373043 \u2013 CGDIPT PL<\/p>\n<div class=\"synved-social-container synved-social-container-share\" style=\"text-align: center\"><a class=\"synved-social-button synved-social-button-share synved-social-size-24 synved-social-resolution-single synved-social-provider-facebook nolightbox\" data-provider=\"facebook\" target=\"_blank\" rel=\"nofollow\" title=\"Share on Facebook\" href=\"http:\/\/www.facebook.com\/sharer.php?u=https%3A%2F%2Fwww.paroquiafatima.pt%2Fparoquia%2Findex.php%3Frest_route%3D%252Fwp%252Fv2%252Fpages%252F28&#038;t=Par%C3%B3quia%20%28Obra%20da%20Igreja%20da%20Sagrada%20Fam%C3%ADlia%29&#038;s=100&#038;p&#091;url&#093;=https%3A%2F%2Fwww.paroquiafatima.pt%2Fparoquia%2Findex.php%3Frest_route%3D%252Fwp%252Fv2%252Fpages%252F28&#038;p&#091;images&#093;&#091;0&#093;=&#038;p&#091;title&#093;=Par%C3%B3quia%20%28Obra%20da%20Igreja%20da%20Sagrada%20Fam%C3%ADlia%29\" style=\"font-size: 0px; width:24px;height:24px;margin:0;margin-bottom:7px;margin-right:7px;\"><img alt=\"Facebook\" title=\"Share on Facebook\" class=\"synved-share-image synved-social-image synved-social-image-share\" width=\"24\" height=\"24\" style=\"display: inline; width:24px;height:24px; margin: 0; padding: 0; border: none; box-shadow: none;\" src=\"https:\/\/www.paroquiafatima.pt\/paroquia\/wp-content\/plugins\/social-media-feather\/synved-social\/image\/social\/regular\/48x48\/facebook.png\" \/><\/a><a class=\"synved-social-button synved-social-button-share synved-social-size-24 synved-social-resolution-single synved-social-provider-twitter nolightbox\" data-provider=\"twitter\" target=\"_blank\" rel=\"nofollow\" title=\"Share on Twitter\" href=\"https:\/\/twitter.com\/intent\/tweet?url=https%3A%2F%2Fwww.paroquiafatima.pt%2Fparoquia%2Findex.php%3Frest_route%3D%252Fwp%252Fv2%252Fpages%252F28&#038;text=Hey%20check%20this%20out\" style=\"font-size: 0px; width:24px;height:24px;margin:0;margin-bottom:7px;margin-right:7px;\"><img alt=\"twitter\" title=\"Share on Twitter\" class=\"synved-share-image synved-social-image synved-social-image-share\" width=\"24\" height=\"24\" style=\"display: inline; width:24px;height:24px; margin: 0; padding: 0; border: none; box-shadow: none;\" src=\"https:\/\/www.paroquiafatima.pt\/paroquia\/wp-content\/plugins\/social-media-feather\/synved-social\/image\/social\/regular\/48x48\/twitter.png\" \/><\/a><a class=\"synved-social-button synved-social-button-share synved-social-size-24 synved-social-resolution-single synved-social-provider-mail nolightbox\" data-provider=\"mail\" rel=\"nofollow\" title=\"Share by email\" href=\"mailto:?subject=Par%C3%B3quia%20%28Obra%20da%20Igreja%20da%20Sagrada%20Fam%C3%ADlia%29&#038;body=Hey%20check%20this%20out:%20https%3A%2F%2Fwww.paroquiafatima.pt%2Fparoquia%2Findex.php%3Frest_route%3D%252Fwp%252Fv2%252Fpages%252F28\" style=\"font-size: 0px; width:24px;height:24px;margin:0;margin-bottom:7px;\"><img alt=\"mail\" title=\"Share by email\" class=\"synved-share-image synved-social-image synved-social-image-share\" width=\"24\" height=\"24\" style=\"display: inline; width:24px;height:24px; margin: 0; padding: 0; border: none; box-shadow: none;\" src=\"https:\/\/www.paroquiafatima.pt\/paroquia\/wp-content\/plugins\/social-media-feather\/synved-social\/image\/social\/regular\/48x48\/mail.png\" \/><\/a><\/div>","protected":false},"excerpt":{"rendered":"<p>\u201cA obra, na parte respeitante \u00e0 Nova Igreja est\u00e1 conclu\u00edda e inaugurada. Por\u00e9m, para o conseguirmos, tivemos de contrair um pesado empr\u00e9stimo banc\u00e1rio num valor superior a um milh\u00e3o de euros sujeitos a juros e amortiza\u00e7\u00e3o de dif\u00edcil cumprimento devidas \u00e0s limita\u00e7\u00f5es com que lutamos nas dolorosas condi\u00e7\u00f5es econ\u00f3micas por [&hellip;]<\/p>\n","protected":false},"author":8,"featured_media":0,"parent":0,"menu_order":0,"comment_status":"closed","ping_status":"closed","template":"","meta":[],"_links":{"self":[{"href":"https:\/\/www.paroquiafatima.pt\/paroquia\/index.php?rest_route=\/wp\/v2\/pages\/28"}],"collection":[{"href":"https:\/\/www.paroquiafatima.pt\/paroquia\/index.php?rest_route=\/wp\/v2\/pages"}],"about":[{"href":"https:\/\/www.paroquiafatima.pt\/paroquia\/index.php?rest_route=\/wp\/v2\/types\/page"}],"author":[{"embeddable":true,"href":"https:\/\/www.paroquiafatima.pt\/paroquia\/index.php?rest_route=\/wp\/v2\/users\/8"}],"replies":[{"embeddable":true,"href":"https:\/\/www.paroquiafatima.pt\/paroquia\/index.php?rest_route=%2Fwp%2Fv2%2Fcomments&post=28"}],"version-history":[{"count":2,"href":"https:\/\/www.paroquiafatima.pt\/paroquia\/index.php?rest_route=\/wp\/v2\/pages\/28\/revisions"}],"predecessor-version":[{"id":1311,"href":"https:\/\/www.paroquiafatima.pt\/paroquia\/index.php?rest_route=\/wp\/v2\/pages\/28\/revisions\/1311"}],"wp:attachment":[{"href":"https:\/\/www.paroquiafatima.pt\/paroquia\/index.php?rest_route=%2Fwp%2Fv2%2Fmedia&parent=28"}],"curies":[{"name":"wp","href":"https:\/\/api.w.org\/{rel}","templated":true}]}}