{"id":193,"date":"2016-06-01T12:41:08","date_gmt":"2016-06-01T12:41:08","guid":{"rendered":"http:\/\/sandradinis.info\/paroquia\/?page_id=193"},"modified":"2019-09-18T13:53:24","modified_gmt":"2019-09-18T13:53:24","slug":"patrimonio-igreja-paroquial-matriz","status":"publish","type":"page","link":"https:\/\/www.paroquiafatima.pt\/paroquia\/?page_id=193","title":{"rendered":"Igreja Paroquial Matriz"},"content":{"rendered":"<p>Esta igreja fez parte de um antigo CONVENTO DAS CARMELITAS, conforme facilmente se depreende dos muitos sinais carmelitanos aqui existentes.<br \/>\nFoi em 1778 que a pedido do Dr. Correia Seixas, D. Maria I concedeu licen\u00e7a para se construir uma nova casa de Carmelitas Descal\u00e7as, o Convento do Desterro de Jesus Maria Jos\u00e9. A mesma autoriza\u00e7\u00e3o foi dada pelo Arcebispo de Braga, D. Gaspar, e pelo Frei Jo\u00e3o de S. Joaquim (N.M.R.V. Geral).<br \/>\nEm 1779, o Padre Frei Manuel de S. Jo\u00e3o Evangelista deslocou-se de Coimbra a Viana e, depois de vencidas in\u00fameras dificuldades, adquiriu um terreno, \u00e3 Rua da Bandeira, local solit\u00e1rio, n\u00e3o distante da igreja do Carmo, apressando-se a construir o novo Carmelo.<br \/>\nFoi arquitecto o irm\u00e3o Frei Lu\u00eds de Santa Teresa, tendo os trabalhos principais acabado em 1785.<br \/>\nA 19 de Julho desse ano fixava-se a primeira comunidade, mesmo sem a obra se encontrar totalmente conclu\u00edda.<br \/>\nA igreja, de not\u00e1vel beleza e gosto arquitect\u00f3nico, foi benzida a 18 de Dezembro de 1792, ainda por acabar. O seu estilo \u00e9 uma mistura de barroco e neocl\u00e1ssico, pr\u00f3prio da \u00e9poca de D. Maria.<br \/>\n\u00abA porta de entrada \u00e9 encimada por um front\u00e3o triangular, sobre o qual se rasga uma graciosa janela de m\u00faltiplos caixilhos, resguardada por forte gradeamento. Ao centro do grande front\u00e3o que remata a fachada, ostentam-se, em saliente bras\u00e3o, as armas da Ordem: o Monte Carmelo, a cruz e as tr\u00eas estrelas simb\u00f3licas.<br \/>\nO interior do templo, formado por uma s\u00f3 nave abobadada, produz no seu conjunto uma agrad\u00e1vel sensa\u00e7\u00e3o de eleg\u00e2ncia, com as esbeltas colunas e dourados do altar-mor, os seus valiosos ret\u00e1bulos e imagens de talha.<\/p>\n<div class=\"synved-social-container synved-social-container-share\" style=\"text-align: center\"><a class=\"synved-social-button synved-social-button-share synved-social-size-24 synved-social-resolution-single synved-social-provider-facebook nolightbox\" data-provider=\"facebook\" target=\"_blank\" rel=\"nofollow\" title=\"Share on Facebook\" href=\"http:\/\/www.facebook.com\/sharer.php?u=https%3A%2F%2Fwww.paroquiafatima.pt%2Fparoquia%2Findex.php%3Frest_route%3D%252Fwp%252Fv2%252Fpages%252F193&#038;t=Igreja%20Paroquial%20Matriz&#038;s=100&#038;p&#091;url&#093;=https%3A%2F%2Fwww.paroquiafatima.pt%2Fparoquia%2Findex.php%3Frest_route%3D%252Fwp%252Fv2%252Fpages%252F193&#038;p&#091;images&#093;&#091;0&#093;=&#038;p&#091;title&#093;=Igreja%20Paroquial%20Matriz\" style=\"font-size: 0px; width:24px;height:24px;margin:0;margin-bottom:7px;margin-right:7px;\"><img alt=\"Facebook\" title=\"Share on Facebook\" class=\"synved-share-image synved-social-image synved-social-image-share\" width=\"24\" height=\"24\" style=\"display: inline; width:24px;height:24px; margin: 0; padding: 0; border: none; box-shadow: none;\" src=\"https:\/\/www.paroquiafatima.pt\/paroquia\/wp-content\/plugins\/social-media-feather\/synved-social\/image\/social\/regular\/48x48\/facebook.png\" \/><\/a><a class=\"synved-social-button synved-social-button-share synved-social-size-24 synved-social-resolution-single synved-social-provider-twitter nolightbox\" data-provider=\"twitter\" target=\"_blank\" rel=\"nofollow\" title=\"Share on Twitter\" href=\"https:\/\/twitter.com\/intent\/tweet?url=https%3A%2F%2Fwww.paroquiafatima.pt%2Fparoquia%2Findex.php%3Frest_route%3D%252Fwp%252Fv2%252Fpages%252F193&#038;text=Hey%20check%20this%20out\" style=\"font-size: 0px; width:24px;height:24px;margin:0;margin-bottom:7px;margin-right:7px;\"><img alt=\"twitter\" title=\"Share on Twitter\" class=\"synved-share-image synved-social-image synved-social-image-share\" width=\"24\" height=\"24\" style=\"display: inline; width:24px;height:24px; margin: 0; padding: 0; border: none; box-shadow: none;\" src=\"https:\/\/www.paroquiafatima.pt\/paroquia\/wp-content\/plugins\/social-media-feather\/synved-social\/image\/social\/regular\/48x48\/twitter.png\" \/><\/a><a class=\"synved-social-button synved-social-button-share synved-social-size-24 synved-social-resolution-single synved-social-provider-mail nolightbox\" data-provider=\"mail\" rel=\"nofollow\" title=\"Share by email\" href=\"mailto:?subject=Igreja%20Paroquial%20Matriz&#038;body=Hey%20check%20this%20out:%20https%3A%2F%2Fwww.paroquiafatima.pt%2Fparoquia%2Findex.php%3Frest_route%3D%252Fwp%252Fv2%252Fpages%252F193\" style=\"font-size: 0px; width:24px;height:24px;margin:0;margin-bottom:7px;\"><img alt=\"mail\" title=\"Share by email\" class=\"synved-share-image synved-social-image synved-social-image-share\" width=\"24\" height=\"24\" style=\"display: inline; width:24px;height:24px; margin: 0; padding: 0; border: none; box-shadow: none;\" src=\"https:\/\/www.paroquiafatima.pt\/paroquia\/wp-content\/plugins\/social-media-feather\/synved-social\/image\/social\/regular\/48x48\/mail.png\" \/><\/a><\/div>","protected":false},"excerpt":{"rendered":"<p>Esta igreja fez parte de um antigo CONVENTO DAS CARMELITAS, conforme facilmente se depreende dos muitos sinais carmelitanos aqui existentes. Foi em 1778 que a pedido do Dr. Correia Seixas, D. Maria I concedeu licen\u00e7a para se construir uma nova casa de Carmelitas Descal\u00e7as, o Convento do Desterro de Jesus [&hellip;]<\/p>\n","protected":false},"author":6,"featured_media":0,"parent":0,"menu_order":0,"comment_status":"closed","ping_status":"closed","template":"","meta":[],"_links":{"self":[{"href":"https:\/\/www.paroquiafatima.pt\/paroquia\/index.php?rest_route=\/wp\/v2\/pages\/193"}],"collection":[{"href":"https:\/\/www.paroquiafatima.pt\/paroquia\/index.php?rest_route=\/wp\/v2\/pages"}],"about":[{"href":"https:\/\/www.paroquiafatima.pt\/paroquia\/index.php?rest_route=\/wp\/v2\/types\/page"}],"author":[{"embeddable":true,"href":"https:\/\/www.paroquiafatima.pt\/paroquia\/index.php?rest_route=\/wp\/v2\/users\/6"}],"replies":[{"embeddable":true,"href":"https:\/\/www.paroquiafatima.pt\/paroquia\/index.php?rest_route=%2Fwp%2Fv2%2Fcomments&post=193"}],"version-history":[{"count":1,"href":"https:\/\/www.paroquiafatima.pt\/paroquia\/index.php?rest_route=\/wp\/v2\/pages\/193\/revisions"}],"predecessor-version":[{"id":1370,"href":"https:\/\/www.paroquiafatima.pt\/paroquia\/index.php?rest_route=\/wp\/v2\/pages\/193\/revisions\/1370"}],"wp:attachment":[{"href":"https:\/\/www.paroquiafatima.pt\/paroquia\/index.php?rest_route=%2Fwp%2Fv2%2Fmedia&parent=193"}],"curies":[{"name":"wp","href":"https:\/\/api.w.org\/{rel}","templated":true}]}}