{"id":142,"date":"2016-06-01T09:04:51","date_gmt":"2016-06-01T09:04:51","guid":{"rendered":"http:\/\/sandradinis.info\/paroquia\/?page_id=142"},"modified":"2022-09-30T18:01:54","modified_gmt":"2022-09-30T18:01:54","slug":"inscricoes-sad","status":"publish","type":"page","link":"https:\/\/www.paroquiafatima.pt\/paroquia\/?page_id=142","title":{"rendered":"Pr\u00e9-Inscri\u00e7\u00e3o | SAD"},"content":{"rendered":"<p>O\u00a0SAD\u00a0presta\u00a0servi\u00e7os de higiene pessoal, dom\u00e9stica e de alimenta\u00e7\u00e3o das 8h \u00e0s 20h.<\/p>\n<p><strong>Os Objectivos do SAD s\u00e3o:<\/strong><\/p>\n<p>&#8211;\u00a0Assegurar aos indiv\u00edduos idosos e fam\u00edlias a satisfa\u00e7\u00e3o de necessidades b\u00e1sicas;<br \/>\n&#8211;\u00a0 Prestar cuidados de ordem f\u00edsica e apoio psico-social aos indiv\u00edduos no seu domic\u00edlio, de modo a contribuir para o seu bem estar integral;<br \/>\n&#8211;\u00a0 Fornecer e confeccionar as refei\u00e7\u00f5es;<br \/>\n&#8211;\u00a0 Tratar as roupas;<br \/>\n&#8211;\u00a0 Colaborar na presta\u00e7\u00e3o de cuidados de sa\u00fade,<br \/>\n&#8211;\u00a0Outros servi\u00e7os a acordar com o director t\u00e9cnico.<br \/>\n&nbsp;<\/p>\n<h2>FORMUL\u00c1RIO DE PR\u00c9-INSCRI\u00c7\u00c3O<\/h2>\n<p><div class=\"video-container\"><iframe loading=\"lazy\" src=\"https:\/\/docs.google.com\/forms\/d\/e\/1FAIpQLSfYqtep-86sDV5T74AHXMbPpLguss-ak93qoMiX-TJ5el600A\/viewform?embedded=true\" width=\"640\" height=\"2081\" frameborder=\"0\" marginheight=\"0\" marginwidth=\"0\">Carregando\u2026<\/iframe><\/div><\/p>\n<div class=\"synved-social-container synved-social-container-share\" style=\"text-align: center\"><a class=\"synved-social-button synved-social-button-share synved-social-size-24 synved-social-resolution-single synved-social-provider-facebook nolightbox\" data-provider=\"facebook\" target=\"_blank\" rel=\"nofollow\" title=\"Share on Facebook\" href=\"http:\/\/www.facebook.com\/sharer.php?u=https%3A%2F%2Fwww.paroquiafatima.pt%2Fparoquia%2Findex.php%3Frest_route%3D%252Fwp%252Fv2%252Fpages%252F142&#038;t=Pr%C3%A9-Inscri%C3%A7%C3%A3o%20%7C%20SAD&#038;s=100&#038;p&#091;url&#093;=https%3A%2F%2Fwww.paroquiafatima.pt%2Fparoquia%2Findex.php%3Frest_route%3D%252Fwp%252Fv2%252Fpages%252F142&#038;p&#091;images&#093;&#091;0&#093;=&#038;p&#091;title&#093;=Pr%C3%A9-Inscri%C3%A7%C3%A3o%20%7C%20SAD\" style=\"font-size: 0px; width:24px;height:24px;margin:0;margin-bottom:7px;margin-right:7px;\"><img alt=\"Facebook\" title=\"Share on Facebook\" class=\"synved-share-image synved-social-image synved-social-image-share\" width=\"24\" height=\"24\" style=\"display: inline; width:24px;height:24px; margin: 0; padding: 0; border: none; box-shadow: none;\" src=\"https:\/\/www.paroquiafatima.pt\/paroquia\/wp-content\/plugins\/social-media-feather\/synved-social\/image\/social\/regular\/48x48\/facebook.png\" \/><\/a><a class=\"synved-social-button synved-social-button-share synved-social-size-24 synved-social-resolution-single synved-social-provider-twitter nolightbox\" data-provider=\"twitter\" target=\"_blank\" rel=\"nofollow\" title=\"Share on Twitter\" href=\"https:\/\/twitter.com\/intent\/tweet?url=https%3A%2F%2Fwww.paroquiafatima.pt%2Fparoquia%2Findex.php%3Frest_route%3D%252Fwp%252Fv2%252Fpages%252F142&#038;text=Hey%20check%20this%20out\" style=\"font-size: 0px; width:24px;height:24px;margin:0;margin-bottom:7px;margin-right:7px;\"><img alt=\"twitter\" title=\"Share on Twitter\" class=\"synved-share-image synved-social-image synved-social-image-share\" width=\"24\" height=\"24\" style=\"display: inline; width:24px;height:24px; margin: 0; padding: 0; border: none; box-shadow: none;\" src=\"https:\/\/www.paroquiafatima.pt\/paroquia\/wp-content\/plugins\/social-media-feather\/synved-social\/image\/social\/regular\/48x48\/twitter.png\" \/><\/a><a class=\"synved-social-button synved-social-button-share synved-social-size-24 synved-social-resolution-single synved-social-provider-mail nolightbox\" data-provider=\"mail\" rel=\"nofollow\" title=\"Share by email\" href=\"mailto:?subject=Pr%C3%A9-Inscri%C3%A7%C3%A3o%20%7C%20SAD&#038;body=Hey%20check%20this%20out:%20https%3A%2F%2Fwww.paroquiafatima.pt%2Fparoquia%2Findex.php%3Frest_route%3D%252Fwp%252Fv2%252Fpages%252F142\" style=\"font-size: 0px; width:24px;height:24px;margin:0;margin-bottom:7px;\"><img alt=\"mail\" title=\"Share by email\" class=\"synved-share-image synved-social-image synved-social-image-share\" width=\"24\" height=\"24\" style=\"display: inline; width:24px;height:24px; margin: 0; padding: 0; border: none; box-shadow: none;\" src=\"https:\/\/www.paroquiafatima.pt\/paroquia\/wp-content\/plugins\/social-media-feather\/synved-social\/image\/social\/regular\/48x48\/mail.png\" \/><\/a><\/div>","protected":false},"excerpt":{"rendered":"<p>O\u00a0SAD\u00a0presta\u00a0servi\u00e7os de higiene pessoal, dom\u00e9stica e de alimenta\u00e7\u00e3o das 8h \u00e0s 20h. Os Objectivos do SAD s\u00e3o: &#8211;\u00a0Assegurar aos indiv\u00edduos idosos e fam\u00edlias a satisfa\u00e7\u00e3o de necessidades b\u00e1sicas; &#8211;\u00a0 Prestar cuidados de ordem f\u00edsica e apoio psico-social aos indiv\u00edduos no seu domic\u00edlio, de modo a contribuir para o seu bem [&hellip;]<\/p>\n","protected":false},"author":8,"featured_media":0,"parent":0,"menu_order":0,"comment_status":"closed","ping_status":"closed","template":"","meta":[],"_links":{"self":[{"href":"https:\/\/www.paroquiafatima.pt\/paroquia\/index.php?rest_route=\/wp\/v2\/pages\/142"}],"collection":[{"href":"https:\/\/www.paroquiafatima.pt\/paroquia\/index.php?rest_route=\/wp\/v2\/pages"}],"about":[{"href":"https:\/\/www.paroquiafatima.pt\/paroquia\/index.php?rest_route=\/wp\/v2\/types\/page"}],"author":[{"embeddable":true,"href":"https:\/\/www.paroquiafatima.pt\/paroquia\/index.php?rest_route=\/wp\/v2\/users\/8"}],"replies":[{"embeddable":true,"href":"https:\/\/www.paroquiafatima.pt\/paroquia\/index.php?rest_route=%2Fwp%2Fv2%2Fcomments&post=142"}],"version-history":[{"count":1,"href":"https:\/\/www.paroquiafatima.pt\/paroquia\/index.php?rest_route=\/wp\/v2\/pages\/142\/revisions"}],"predecessor-version":[{"id":6277,"href":"https:\/\/www.paroquiafatima.pt\/paroquia\/index.php?rest_route=\/wp\/v2\/pages\/142\/revisions\/6277"}],"wp:attachment":[{"href":"https:\/\/www.paroquiafatima.pt\/paroquia\/index.php?rest_route=%2Fwp%2Fv2%2Fmedia&parent=142"}],"curies":[{"name":"wp","href":"https:\/\/api.w.org\/{rel}","templated":true}]}}