{"id":1392,"date":"2016-07-07T10:40:03","date_gmt":"2016-07-07T10:40:03","guid":{"rendered":"http:\/\/sandradinis.info\/paroquia\/?page_id=1392"},"modified":"2016-08-22T10:50:32","modified_gmt":"2016-08-22T10:50:32","slug":"capela-jesus-maria-jose","status":"publish","type":"page","link":"https:\/\/www.paroquiafatima.pt\/paroquia\/?page_id=1392","title":{"rendered":"Capela Jesus Maria Jos\u00e9"},"content":{"rendered":"<p>Capela Jesus Maria Jos\u00e9<\/p>\n<p>Ergue-se na quinta conhecida hoje pela Quinta de Baixo, \u00e0 esquerda da estrada que, passando pela Abelheira e Cova, vai entestar com a estrada de Meadela que vai ter a Perre, Outeiro e \u00e0 Ponte de Saim, um pouco acima da capela do Senhor do Al\u00edvio e a capela de Santo Ant\u00f3nio, as quais se encontram referenciadas noutro local.<br \/>\nTrata-se de uma rica capela em cantaria e em talha, de 1731, conforme a data inscrita no sop\u00e9 do coro.<br \/>\nO ret\u00e1bulo do alto-mor, \u00fanico existente, \u00e9 de talha barroca com douramento apenas de alguns filetes e dos capit\u00e9is das colunas e pintada no restante a branco com fundo azul celeste. Ao centro, e numa tribuna de estilo mais tardio, as imagens da \u00e9poca do altar da Sagrada Fam\u00edlia, Jesus Maria Jos\u00e9. A rematar os arcos do ret\u00e1bulo existe um la\u00e7arote contendo no espelho as palavras Jesus Maria Jos\u00e9. Tamb\u00e9m um rico sacr\u00e1rio do estilo aparece sobre o altar.<br \/>\nNo suped\u00e2neo do altar, h\u00e1 dois ricos veleiros de joelhos, em pau preto e um lampad\u00e1rio do Sant\u00edssimo, da mesma \u00e9poca. Tem duas portas laterais: uma aberta para a quinta com uma pintura em madeira, representando a apari\u00e7\u00e3o do Anjo e, do lado oposto, uma outra aberta para a sacristia com uma escultura que parece representar Nossa Senhora na Ora\u00e7\u00e3o do Magnificat. Na sacristia, h\u00e1 um gavet\u00e3o da \u00e9poca e um arm\u00e1rio embutido na parede, assim como um rico lavabo em cantaria.<br \/>\nNo coro, existe um orat\u00f3rio com a imagem de N\u00aa Sr\u00aa da Concei\u00e7\u00e3o. Nesta capela, e ao centro, em sepultura t\u00e9rrea, encontram-se inumados: \u00abBernardo Jos\u00e9 Afonso Cerqueira, Comendador da Ordem de N\u00aa Sr\u00aa da Concei\u00e7\u00e3o &#8211; 8\/v\/1826 a 4\/ IV\/1881 e sua mulher, Maria Henriqueta de Espregueira, 26\/X\/1828 a 28\/XII\/1892\u00bb, conforme a inscri\u00e7\u00e3o na pedra tumular.<br \/>\nTodo o conjunto da capela \u00e9 de perfeita harmonia, o que a faz ser um rico monumento a alertar para o passado. Por isso, vamos transcrever o documento que se segue e que lhe diz respeito.<br \/>\nA prop\u00f3sito desta capela da fam\u00edlia Oliveira segundo uma informa\u00e7\u00e3o do meu amigo Dr. Lu\u00eds Branco, ex\u00edmio investigador da hist\u00f3ria da regi\u00e3o, em 1907 tomou conta da Capelania desta capela o Padre Domingos Afonso do Pa\u00e7o, tio do Ten. Cor. Afonso do Pa\u00e7o. Era de Outeiro e foi p\u00e1roco de Carre\u00e7o onde veio a falecer em 7 de Setembro de 1939, com 57 anos de idade. Foi ainda capel\u00e3o da Igreja da Miseric\u00f3rdia.<br \/>\nEm Viana e em Carre\u00e7o, este sacerdote exerceu not\u00e1vel ac\u00e7\u00e3o apost\u00f3lica e tinha muita influ\u00eancia. Conseguiu trazer pela primeira vez o Presidente da Rep\u00fablica \u00e0 cidade para celebrar o 9 de Abril e junt\u00e1-lo com D. Manuel Vieira de Matos Arcebispo de Braga, o Capel\u00e3o, o Presidente do C. E. P. e outros.<br \/>\nEm Dezembro de 1942 casou nesta capela o Manuel Lu\u00eds Carvalhido Pinheiro e a Rosa Vieitas Gon\u00e7alves Bravo. A ele assistiu o Dr. Lu\u00eds Branco e conserva recorda\u00e7\u00f5es muito gratas. Tamb\u00e9m em 4 de Abril de 1976, eu assisti ao casamento da filha F\u00e1tima com Jos\u00e9 Amado de Sousa Santos Lima, meu conterr\u00e2neo e amigo.<br \/>\nLivro \u201cCidade de Viana no Presente e no Passado, da Bandeira \u00e0 Abelheira\u201d, 1986 de Artur Coutinho<\/p>\n<div class=\"synved-social-container synved-social-container-share\" style=\"text-align: center\"><a class=\"synved-social-button synved-social-button-share synved-social-size-24 synved-social-resolution-single synved-social-provider-facebook nolightbox\" data-provider=\"facebook\" target=\"_blank\" rel=\"nofollow\" title=\"Share on Facebook\" href=\"http:\/\/www.facebook.com\/sharer.php?u=https%3A%2F%2Fwww.paroquiafatima.pt%2Fparoquia%2Findex.php%3Frest_route%3D%252Fwp%252Fv2%252Fpages%252F1392&#038;t=Capela%20Jesus%20Maria%20Jos%C3%A9&#038;s=100&#038;p&#091;url&#093;=https%3A%2F%2Fwww.paroquiafatima.pt%2Fparoquia%2Findex.php%3Frest_route%3D%252Fwp%252Fv2%252Fpages%252F1392&#038;p&#091;images&#093;&#091;0&#093;=&#038;p&#091;title&#093;=Capela%20Jesus%20Maria%20Jos%C3%A9\" style=\"font-size: 0px; width:24px;height:24px;margin:0;margin-bottom:7px;margin-right:7px;\"><img alt=\"Facebook\" title=\"Share on Facebook\" class=\"synved-share-image synved-social-image synved-social-image-share\" width=\"24\" height=\"24\" style=\"display: inline; width:24px;height:24px; margin: 0; padding: 0; border: none; box-shadow: none;\" src=\"https:\/\/www.paroquiafatima.pt\/paroquia\/wp-content\/plugins\/social-media-feather\/synved-social\/image\/social\/regular\/48x48\/facebook.png\" \/><\/a><a class=\"synved-social-button synved-social-button-share synved-social-size-24 synved-social-resolution-single synved-social-provider-twitter nolightbox\" data-provider=\"twitter\" target=\"_blank\" rel=\"nofollow\" title=\"Share on Twitter\" href=\"https:\/\/twitter.com\/intent\/tweet?url=https%3A%2F%2Fwww.paroquiafatima.pt%2Fparoquia%2Findex.php%3Frest_route%3D%252Fwp%252Fv2%252Fpages%252F1392&#038;text=Hey%20check%20this%20out\" style=\"font-size: 0px; width:24px;height:24px;margin:0;margin-bottom:7px;margin-right:7px;\"><img alt=\"twitter\" title=\"Share on Twitter\" class=\"synved-share-image synved-social-image synved-social-image-share\" width=\"24\" height=\"24\" style=\"display: inline; width:24px;height:24px; margin: 0; padding: 0; border: none; box-shadow: none;\" src=\"https:\/\/www.paroquiafatima.pt\/paroquia\/wp-content\/plugins\/social-media-feather\/synved-social\/image\/social\/regular\/48x48\/twitter.png\" \/><\/a><a class=\"synved-social-button synved-social-button-share synved-social-size-24 synved-social-resolution-single synved-social-provider-mail nolightbox\" data-provider=\"mail\" rel=\"nofollow\" title=\"Share by email\" href=\"mailto:?subject=Capela%20Jesus%20Maria%20Jos%C3%A9&#038;body=Hey%20check%20this%20out:%20https%3A%2F%2Fwww.paroquiafatima.pt%2Fparoquia%2Findex.php%3Frest_route%3D%252Fwp%252Fv2%252Fpages%252F1392\" style=\"font-size: 0px; width:24px;height:24px;margin:0;margin-bottom:7px;\"><img alt=\"mail\" title=\"Share by email\" class=\"synved-share-image synved-social-image synved-social-image-share\" width=\"24\" height=\"24\" style=\"display: inline; width:24px;height:24px; margin: 0; padding: 0; border: none; box-shadow: none;\" src=\"https:\/\/www.paroquiafatima.pt\/paroquia\/wp-content\/plugins\/social-media-feather\/synved-social\/image\/social\/regular\/48x48\/mail.png\" \/><\/a><\/div>","protected":false},"excerpt":{"rendered":"<p>Capela Jesus Maria Jos\u00e9 Ergue-se na quinta conhecida hoje pela Quinta de Baixo, \u00e0 esquerda da estrada que, passando pela Abelheira e Cova, vai entestar com a estrada de Meadela que vai ter a Perre, Outeiro e \u00e0 Ponte de Saim, um pouco acima da capela do Senhor do Al\u00edvio [&hellip;]<\/p>\n","protected":false},"author":6,"featured_media":0,"parent":0,"menu_order":0,"comment_status":"closed","ping_status":"closed","template":"","meta":[],"_links":{"self":[{"href":"https:\/\/www.paroquiafatima.pt\/paroquia\/index.php?rest_route=\/wp\/v2\/pages\/1392"}],"collection":[{"href":"https:\/\/www.paroquiafatima.pt\/paroquia\/index.php?rest_route=\/wp\/v2\/pages"}],"about":[{"href":"https:\/\/www.paroquiafatima.pt\/paroquia\/index.php?rest_route=\/wp\/v2\/types\/page"}],"author":[{"embeddable":true,"href":"https:\/\/www.paroquiafatima.pt\/paroquia\/index.php?rest_route=\/wp\/v2\/users\/6"}],"replies":[{"embeddable":true,"href":"https:\/\/www.paroquiafatima.pt\/paroquia\/index.php?rest_route=%2Fwp%2Fv2%2Fcomments&post=1392"}],"version-history":[{"count":4,"href":"https:\/\/www.paroquiafatima.pt\/paroquia\/index.php?rest_route=\/wp\/v2\/pages\/1392\/revisions"}],"predecessor-version":[{"id":1601,"href":"https:\/\/www.paroquiafatima.pt\/paroquia\/index.php?rest_route=\/wp\/v2\/pages\/1392\/revisions\/1601"}],"wp:attachment":[{"href":"https:\/\/www.paroquiafatima.pt\/paroquia\/index.php?rest_route=%2Fwp%2Fv2%2Fmedia&parent=1392"}],"curies":[{"name":"wp","href":"https:\/\/api.w.org\/{rel}","templated":true}]}}