{"id":1254,"date":"2016-07-01T13:29:46","date_gmt":"2016-07-01T13:29:46","guid":{"rendered":"http:\/\/sandradinis.info\/paroquia\/?page_id=1254"},"modified":"2016-07-18T15:49:51","modified_gmt":"2016-07-18T15:49:51","slug":"rejuvenescer","status":"publish","type":"page","link":"https:\/\/www.paroquiafatima.pt\/paroquia\/?page_id=1254","title":{"rendered":"Rejuvenescer"},"content":{"rendered":"<h3>Breve descri\u00e7\u00e3o do servi\u00e7o e Objetivos do projeto<\/h3>\n<p>ReJuvenescer 55+ \u00e9 um programa de atividades ocupacionais destinado a indiv\u00edduos com 55 ou mais anos, promovido pelo Centro Social e Paroquial de Nossa Senhora de F\u00e1tima. <\/p>\n<p>Tem como objetivos promover o bem-estar psicol\u00f3gico, assegurar uma adapta\u00e7\u00e3o positiva ao processo de longevidade, ocupar os tempos livres e diminuir o isolamento social dos participantes.<\/p>\n<p>Partindo do pressuposto de que o desenvolvimento do ser humano, nas diferentes \u00e1reas que o comp\u00f5e, acontece desde o nascimento e se prolonga at\u00e9 ao fim da vida, torna-se de primordial import\u00e2ncia fomentar o bem-estar emocional, intelectual, social e f\u00edsico ao longo de todo o ciclo vital. <\/p>\n<p>&nbsp;<\/p>\n<h3>Servi\u00e7os prestados \/Atividades<\/h3>\n<p><strong>Atividades disponibilizadas:<\/strong><br \/>\n&#8211; Psicoterapia (acompanhamento psicol\u00f3gico individual, din\u00e2micas de grupo, estimula\u00e7\u00e3o cognitiva, arteterapia, musicoterapia)<br \/>\n&#8211; Desporto e bem-estar (yoga, pilates, gin\u00e1stica, hidrogin\u00e1stica, nata\u00e7\u00e3o, dan\u00e7a, caminhadas, praia)<br \/>\n&#8211; Cultura (visitas a museus, locais de culto, espet\u00e1culos de m\u00fasica e teatro)<br \/>\n&#8211; Aprendizagem ao longo da vida (inform\u00e1tica, literatura)<br \/>\n&#8211; Cuidados pessoais (massagens, est\u00e9tica)<\/p>\n<div class=\"synved-social-container synved-social-container-share\" style=\"text-align: center\"><a class=\"synved-social-button synved-social-button-share synved-social-size-24 synved-social-resolution-single synved-social-provider-facebook nolightbox\" data-provider=\"facebook\" target=\"_blank\" rel=\"nofollow\" title=\"Share on Facebook\" href=\"http:\/\/www.facebook.com\/sharer.php?u=https%3A%2F%2Fwww.paroquiafatima.pt%2Fparoquia%2Findex.php%3Frest_route%3D%252Fwp%252Fv2%252Fpages%252F1254&#038;t=Rejuvenescer&#038;s=100&#038;p&#091;url&#093;=https%3A%2F%2Fwww.paroquiafatima.pt%2Fparoquia%2Findex.php%3Frest_route%3D%252Fwp%252Fv2%252Fpages%252F1254&#038;p&#091;images&#093;&#091;0&#093;=&#038;p&#091;title&#093;=Rejuvenescer\" style=\"font-size: 0px; width:24px;height:24px;margin:0;margin-bottom:7px;margin-right:7px;\"><img alt=\"Facebook\" title=\"Share on Facebook\" class=\"synved-share-image synved-social-image synved-social-image-share\" width=\"24\" height=\"24\" style=\"display: inline; width:24px;height:24px; margin: 0; padding: 0; border: none; box-shadow: none;\" src=\"https:\/\/www.paroquiafatima.pt\/paroquia\/wp-content\/plugins\/social-media-feather\/synved-social\/image\/social\/regular\/48x48\/facebook.png\" \/><\/a><a class=\"synved-social-button synved-social-button-share synved-social-size-24 synved-social-resolution-single synved-social-provider-twitter nolightbox\" data-provider=\"twitter\" target=\"_blank\" rel=\"nofollow\" title=\"Share on Twitter\" href=\"https:\/\/twitter.com\/intent\/tweet?url=https%3A%2F%2Fwww.paroquiafatima.pt%2Fparoquia%2Findex.php%3Frest_route%3D%252Fwp%252Fv2%252Fpages%252F1254&#038;text=Hey%20check%20this%20out\" style=\"font-size: 0px; width:24px;height:24px;margin:0;margin-bottom:7px;margin-right:7px;\"><img alt=\"twitter\" title=\"Share on Twitter\" class=\"synved-share-image synved-social-image synved-social-image-share\" width=\"24\" height=\"24\" style=\"display: inline; width:24px;height:24px; margin: 0; padding: 0; border: none; box-shadow: none;\" src=\"https:\/\/www.paroquiafatima.pt\/paroquia\/wp-content\/plugins\/social-media-feather\/synved-social\/image\/social\/regular\/48x48\/twitter.png\" \/><\/a><a class=\"synved-social-button synved-social-button-share synved-social-size-24 synved-social-resolution-single synved-social-provider-mail nolightbox\" data-provider=\"mail\" rel=\"nofollow\" title=\"Share by email\" href=\"mailto:?subject=Rejuvenescer&#038;body=Hey%20check%20this%20out:%20https%3A%2F%2Fwww.paroquiafatima.pt%2Fparoquia%2Findex.php%3Frest_route%3D%252Fwp%252Fv2%252Fpages%252F1254\" style=\"font-size: 0px; width:24px;height:24px;margin:0;margin-bottom:7px;\"><img alt=\"mail\" title=\"Share by email\" class=\"synved-share-image synved-social-image synved-social-image-share\" width=\"24\" height=\"24\" style=\"display: inline; width:24px;height:24px; margin: 0; padding: 0; border: none; box-shadow: none;\" src=\"https:\/\/www.paroquiafatima.pt\/paroquia\/wp-content\/plugins\/social-media-feather\/synved-social\/image\/social\/regular\/48x48\/mail.png\" \/><\/a><\/div>","protected":false},"excerpt":{"rendered":"<p>Breve descri\u00e7\u00e3o do servi\u00e7o e Objetivos do projeto ReJuvenescer 55+ \u00e9 um programa de atividades ocupacionais destinado a indiv\u00edduos com 55 ou mais anos, promovido pelo Centro Social e Paroquial de Nossa Senhora de F\u00e1tima. Tem como objetivos promover o bem-estar psicol\u00f3gico, assegurar uma adapta\u00e7\u00e3o positiva ao processo de longevidade, [&hellip;]<\/p>\n","protected":false},"author":7,"featured_media":0,"parent":0,"menu_order":0,"comment_status":"closed","ping_status":"closed","template":"","meta":[],"_links":{"self":[{"href":"https:\/\/www.paroquiafatima.pt\/paroquia\/index.php?rest_route=\/wp\/v2\/pages\/1254"}],"collection":[{"href":"https:\/\/www.paroquiafatima.pt\/paroquia\/index.php?rest_route=\/wp\/v2\/pages"}],"about":[{"href":"https:\/\/www.paroquiafatima.pt\/paroquia\/index.php?rest_route=\/wp\/v2\/types\/page"}],"author":[{"embeddable":true,"href":"https:\/\/www.paroquiafatima.pt\/paroquia\/index.php?rest_route=\/wp\/v2\/users\/7"}],"replies":[{"embeddable":true,"href":"https:\/\/www.paroquiafatima.pt\/paroquia\/index.php?rest_route=%2Fwp%2Fv2%2Fcomments&post=1254"}],"version-history":[{"count":3,"href":"https:\/\/www.paroquiafatima.pt\/paroquia\/index.php?rest_route=\/wp\/v2\/pages\/1254\/revisions"}],"predecessor-version":[{"id":1466,"href":"https:\/\/www.paroquiafatima.pt\/paroquia\/index.php?rest_route=\/wp\/v2\/pages\/1254\/revisions\/1466"}],"wp:attachment":[{"href":"https:\/\/www.paroquiafatima.pt\/paroquia\/index.php?rest_route=%2Fwp%2Fv2%2Fmedia&parent=1254"}],"curies":[{"name":"wp","href":"https:\/\/api.w.org\/{rel}","templated":true}]}}