{"id":116,"date":"2016-05-31T13:50:01","date_gmt":"2016-05-31T13:50:01","guid":{"rendered":"http:\/\/sandradinis.info\/paroquia\/?page_id=116"},"modified":"2016-06-29T21:56:54","modified_gmt":"2016-06-29T21:56:54","slug":"oficina-das-bonecas","status":"publish","type":"page","link":"https:\/\/www.paroquiafatima.pt\/paroquia\/?page_id=116","title":{"rendered":"Oficina das Bonecas"},"content":{"rendered":"<h3>Breve descri\u00e7\u00e3o do servi\u00e7o<\/h3>\n<p>Est\u00e1 situada na HUMANITUS FORUM \u00e0 rua da Bandeira 504 e tem como objetivo o restauro de bonecas e brinquedos para serem vendidos na Lojinha Social.<br \/>\n\u00c9 um servi\u00e7o prestado por um grupo de volunt\u00e1rias, da Par\u00f3quia de Nossa Senhora de F\u00e1tima e n\u00e3o s\u00f3, que todas as semanas partilham o seu tempo para \u201ctransformar\u201d bonecas e muitos outros brinquedos que s\u00e3o oferecidos a esta Oficina das Bonecas. Para al\u00e9m de restaurar bonecas e brinquedos para os tornar rent\u00e1veis, as volunt\u00e1rias tamb\u00e9m vestem as bonecas, colocam cabelos, fazem penteados e d\u00e3o brilho a coisas que j\u00e1 tinham perdido valor. Ao vestir as bonecas fazem as pr\u00f3prias roupas e os restantes acess\u00f3rios.<br \/>\nOs artigos transformados nesta Oficina s\u00e3o colocados na lojinha Social devidamente etiquetados.<\/p>\n<p>&nbsp;<\/p>\n<h3>Objetivos<\/h3>\n<p>&#8211; Angariar fundos para o Centro Social com base na recupera\u00e7\u00e3o e beneficia\u00e7\u00e3o de bonecas, peluches, brinquedos e jogos usados, doados para o efeito;<br \/>\n&#8211; Possibilitar a quem tem menos recursos a aquisi\u00e7\u00e3o de presentes econ\u00f3micos para as crian\u00e7as.<br \/>\n&nbsp;<\/p>\n<h3>Atividades<\/h3>\n<p>&#8211; An\u00e1lise, triagem e sele\u00e7\u00e3o, lavagem e secagem, costura e bordados, cabeleireiro e pintura, testes de funcionamento, acondicionamento e etiquetagem com atribui\u00e7\u00e3o de valor e registo. <\/p>\n<p>&nbsp;<\/p>\n<div class=\"synved-social-container synved-social-container-share\" style=\"text-align: center\"><a class=\"synved-social-button synved-social-button-share synved-social-size-24 synved-social-resolution-single synved-social-provider-facebook nolightbox\" data-provider=\"facebook\" target=\"_blank\" rel=\"nofollow\" title=\"Share on Facebook\" href=\"http:\/\/www.facebook.com\/sharer.php?u=https%3A%2F%2Fwww.paroquiafatima.pt%2Fparoquia%2Findex.php%3Frest_route%3D%252Fwp%252Fv2%252Fpages%252F116&#038;t=Oficina%20das%20Bonecas&#038;s=100&#038;p&#091;url&#093;=https%3A%2F%2Fwww.paroquiafatima.pt%2Fparoquia%2Findex.php%3Frest_route%3D%252Fwp%252Fv2%252Fpages%252F116&#038;p&#091;images&#093;&#091;0&#093;=&#038;p&#091;title&#093;=Oficina%20das%20Bonecas\" style=\"font-size: 0px; width:24px;height:24px;margin:0;margin-bottom:7px;margin-right:7px;\"><img alt=\"Facebook\" title=\"Share on Facebook\" class=\"synved-share-image synved-social-image synved-social-image-share\" width=\"24\" height=\"24\" style=\"display: inline; width:24px;height:24px; margin: 0; padding: 0; border: none; box-shadow: none;\" src=\"https:\/\/www.paroquiafatima.pt\/paroquia\/wp-content\/plugins\/social-media-feather\/synved-social\/image\/social\/regular\/48x48\/facebook.png\" \/><\/a><a class=\"synved-social-button synved-social-button-share synved-social-size-24 synved-social-resolution-single synved-social-provider-twitter nolightbox\" data-provider=\"twitter\" target=\"_blank\" rel=\"nofollow\" title=\"Share on Twitter\" href=\"https:\/\/twitter.com\/intent\/tweet?url=https%3A%2F%2Fwww.paroquiafatima.pt%2Fparoquia%2Findex.php%3Frest_route%3D%252Fwp%252Fv2%252Fpages%252F116&#038;text=Hey%20check%20this%20out\" style=\"font-size: 0px; width:24px;height:24px;margin:0;margin-bottom:7px;margin-right:7px;\"><img alt=\"twitter\" title=\"Share on Twitter\" class=\"synved-share-image synved-social-image synved-social-image-share\" width=\"24\" height=\"24\" style=\"display: inline; width:24px;height:24px; margin: 0; padding: 0; border: none; box-shadow: none;\" src=\"https:\/\/www.paroquiafatima.pt\/paroquia\/wp-content\/plugins\/social-media-feather\/synved-social\/image\/social\/regular\/48x48\/twitter.png\" \/><\/a><a class=\"synved-social-button synved-social-button-share synved-social-size-24 synved-social-resolution-single synved-social-provider-mail nolightbox\" data-provider=\"mail\" rel=\"nofollow\" title=\"Share by email\" href=\"mailto:?subject=Oficina%20das%20Bonecas&#038;body=Hey%20check%20this%20out:%20https%3A%2F%2Fwww.paroquiafatima.pt%2Fparoquia%2Findex.php%3Frest_route%3D%252Fwp%252Fv2%252Fpages%252F116\" style=\"font-size: 0px; width:24px;height:24px;margin:0;margin-bottom:7px;\"><img alt=\"mail\" title=\"Share by email\" class=\"synved-share-image synved-social-image synved-social-image-share\" width=\"24\" height=\"24\" style=\"display: inline; width:24px;height:24px; margin: 0; padding: 0; border: none; box-shadow: none;\" src=\"https:\/\/www.paroquiafatima.pt\/paroquia\/wp-content\/plugins\/social-media-feather\/synved-social\/image\/social\/regular\/48x48\/mail.png\" \/><\/a><\/div>","protected":false},"excerpt":{"rendered":"<p>Breve descri\u00e7\u00e3o do servi\u00e7o Est\u00e1 situada na HUMANITUS FORUM \u00e0 rua da Bandeira 504 e tem como objetivo o restauro de bonecas e brinquedos para serem vendidos na Lojinha Social. \u00c9 um servi\u00e7o prestado por um grupo de volunt\u00e1rias, da Par\u00f3quia de Nossa Senhora de F\u00e1tima e n\u00e3o s\u00f3, que [&hellip;]<\/p>\n","protected":false},"author":7,"featured_media":0,"parent":0,"menu_order":0,"comment_status":"closed","ping_status":"closed","template":"","meta":[],"_links":{"self":[{"href":"https:\/\/www.paroquiafatima.pt\/paroquia\/index.php?rest_route=\/wp\/v2\/pages\/116"}],"collection":[{"href":"https:\/\/www.paroquiafatima.pt\/paroquia\/index.php?rest_route=\/wp\/v2\/pages"}],"about":[{"href":"https:\/\/www.paroquiafatima.pt\/paroquia\/index.php?rest_route=\/wp\/v2\/types\/page"}],"author":[{"embeddable":true,"href":"https:\/\/www.paroquiafatima.pt\/paroquia\/index.php?rest_route=\/wp\/v2\/users\/7"}],"replies":[{"embeddable":true,"href":"https:\/\/www.paroquiafatima.pt\/paroquia\/index.php?rest_route=%2Fwp%2Fv2%2Fcomments&post=116"}],"version-history":[{"count":1,"href":"https:\/\/www.paroquiafatima.pt\/paroquia\/index.php?rest_route=\/wp\/v2\/pages\/116\/revisions"}],"predecessor-version":[{"id":1159,"href":"https:\/\/www.paroquiafatima.pt\/paroquia\/index.php?rest_route=\/wp\/v2\/pages\/116\/revisions\/1159"}],"wp:attachment":[{"href":"https:\/\/www.paroquiafatima.pt\/paroquia\/index.php?rest_route=%2Fwp%2Fv2%2Fmedia&parent=116"}],"curies":[{"name":"wp","href":"https:\/\/api.w.org\/{rel}","templated":true}]}}