{"id":108,"date":"2016-05-31T13:48:46","date_gmt":"2016-05-31T13:48:46","guid":{"rendered":"http:\/\/sandradinis.info\/paroquia\/?page_id=108"},"modified":"2022-09-05T22:19:07","modified_gmt":"2022-09-05T22:19:07","slug":"biblioteca","status":"publish","type":"page","link":"https:\/\/www.paroquiafatima.pt\/paroquia\/?page_id=108","title":{"rendered":"Biblioteca"},"content":{"rendered":"<h3>Breve descri\u00e7\u00e3o do servi\u00e7o<\/h3>\n<p>A biblioteca da Par\u00f3quia de Nossa Senhora de F\u00e1tima nasceu ainda vem do tempo do Padre Rog\u00e9rio, em 1978. Em 2006 houve a inaugura\u00e7\u00e3o do novo espa\u00e7o da biblioteca \u00e0 na Rua da Bandeira, n.\u00ba 591. Tem duas salas com a \u00e1rea aproximada de 60 metros quadrados.<br \/>\nDisp\u00f5e atualmente de um acervo de cerca de 11.000 livros classificados e catalogados segundo as normas da Classifica\u00e7\u00e3o Decimal Universal (CDU).<br \/>\nDesde a filosofia \u00e0 religi\u00e3o, das ci\u00eancias sociais \u00e0s naturais, da arte \u00e0 geografia e hist\u00f3ria, passando pela literatura nacional e estrangeira, h\u00e1 de tudo um pouco para surpreender os utentes mais exigentes. Para al\u00e9m do acervo monogr\u00e1fico, existe ainda uma exposi\u00e7\u00e3o permanente de medalh\u00edstica e de caixas de f\u00f3sforo, digna de ser visitada.<br \/>\nTodo este vasto esp\u00f3lio \u00e9 o resultado das d\u00e1divas de paroquianos e amigos da biblioteca que ofereceram muitas e diversificadas obras que em muito vieram enriquecer o acervo bibliotec\u00e1rio j\u00e1 existente. N\u00e3o compramos livros mas chegam de todos os lados&#8230;<\/p>\n<p>Est\u00e1 inserida na rede on-line da Biblioteca Municipal de Viana do Castelo no cat\u00e1logo PNSF (Par\u00f3quia Nossa Senhora F\u00e1tima). Os exemplares podem ser consultados no local ou por empr\u00e9stimo durante um per\u00edodo de 15 dias renov\u00e1vel.<\/p>\n<p>A biblioteca possui ainda um blog que poder\u00e1 ser consultado em http:\/\/biliofatima.blogs.sapo.pt\/<\/p>\n<p>&nbsp;<\/p>\n<h3>Objetivos<\/h3>\n<p>&#8211; Recolher, registar, classificar, catalogar e etiquetar os exemplares oferecidos com vista a estarem dispon\u00edveis para consulta dos interessados;<br \/>\n&#8211; Oferecer \u00e0 comunidade a possibilidade de ter livros \u00e0 m\u00e3o.<\/p>\n<p>&nbsp;<\/p>\n<h3>Atividades<\/h3>\n<p>&#8211; Todo o servi\u00e7o de rece\u00e7\u00e3o, registo, classifica\u00e7\u00e3o, cataloga\u00e7\u00e3o e etiquetagem \u00e9 feito por volunt\u00e1rios que dentro das possibilidades asseguram o funcionamento entre as 15h e as 17h horas de segunda a sexta-feira.<\/p>\n<p>&nbsp;<\/p>\n<div class=\"synved-social-container synved-social-container-share\" style=\"text-align: center\"><a class=\"synved-social-button synved-social-button-share synved-social-size-24 synved-social-resolution-single synved-social-provider-facebook nolightbox\" data-provider=\"facebook\" target=\"_blank\" rel=\"nofollow\" title=\"Share on Facebook\" href=\"http:\/\/www.facebook.com\/sharer.php?u=https%3A%2F%2Fwww.paroquiafatima.pt%2Fparoquia%2Findex.php%3Frest_route%3D%252Fwp%252Fv2%252Fpages%252F108&#038;t=Biblioteca&#038;s=100&#038;p&#091;url&#093;=https%3A%2F%2Fwww.paroquiafatima.pt%2Fparoquia%2Findex.php%3Frest_route%3D%252Fwp%252Fv2%252Fpages%252F108&#038;p&#091;images&#093;&#091;0&#093;=&#038;p&#091;title&#093;=Biblioteca\" style=\"font-size: 0px; width:24px;height:24px;margin:0;margin-bottom:7px;margin-right:7px;\"><img alt=\"Facebook\" title=\"Share on Facebook\" class=\"synved-share-image synved-social-image synved-social-image-share\" width=\"24\" height=\"24\" style=\"display: inline; width:24px;height:24px; margin: 0; padding: 0; border: none; box-shadow: none;\" src=\"https:\/\/www.paroquiafatima.pt\/paroquia\/wp-content\/plugins\/social-media-feather\/synved-social\/image\/social\/regular\/48x48\/facebook.png\" \/><\/a><a class=\"synved-social-button synved-social-button-share synved-social-size-24 synved-social-resolution-single synved-social-provider-twitter nolightbox\" data-provider=\"twitter\" target=\"_blank\" rel=\"nofollow\" title=\"Share on Twitter\" href=\"https:\/\/twitter.com\/intent\/tweet?url=https%3A%2F%2Fwww.paroquiafatima.pt%2Fparoquia%2Findex.php%3Frest_route%3D%252Fwp%252Fv2%252Fpages%252F108&#038;text=Hey%20check%20this%20out\" style=\"font-size: 0px; width:24px;height:24px;margin:0;margin-bottom:7px;margin-right:7px;\"><img alt=\"twitter\" title=\"Share on Twitter\" class=\"synved-share-image synved-social-image synved-social-image-share\" width=\"24\" height=\"24\" style=\"display: inline; width:24px;height:24px; margin: 0; padding: 0; border: none; box-shadow: none;\" src=\"https:\/\/www.paroquiafatima.pt\/paroquia\/wp-content\/plugins\/social-media-feather\/synved-social\/image\/social\/regular\/48x48\/twitter.png\" \/><\/a><a class=\"synved-social-button synved-social-button-share synved-social-size-24 synved-social-resolution-single synved-social-provider-mail nolightbox\" data-provider=\"mail\" rel=\"nofollow\" title=\"Share by email\" href=\"mailto:?subject=Biblioteca&#038;body=Hey%20check%20this%20out:%20https%3A%2F%2Fwww.paroquiafatima.pt%2Fparoquia%2Findex.php%3Frest_route%3D%252Fwp%252Fv2%252Fpages%252F108\" style=\"font-size: 0px; width:24px;height:24px;margin:0;margin-bottom:7px;\"><img alt=\"mail\" title=\"Share by email\" class=\"synved-share-image synved-social-image synved-social-image-share\" width=\"24\" height=\"24\" style=\"display: inline; width:24px;height:24px; margin: 0; padding: 0; border: none; box-shadow: none;\" src=\"https:\/\/www.paroquiafatima.pt\/paroquia\/wp-content\/plugins\/social-media-feather\/synved-social\/image\/social\/regular\/48x48\/mail.png\" \/><\/a><\/div>","protected":false},"excerpt":{"rendered":"<p>Breve descri\u00e7\u00e3o do servi\u00e7o A biblioteca da Par\u00f3quia de Nossa Senhora de F\u00e1tima nasceu ainda vem do tempo do Padre Rog\u00e9rio, em 1978. Em 2006 houve a inaugura\u00e7\u00e3o do novo espa\u00e7o da biblioteca \u00e0 na Rua da Bandeira, n.\u00ba 591. Tem duas salas com a \u00e1rea aproximada de 60 metros [&hellip;]<\/p>\n","protected":false},"author":7,"featured_media":0,"parent":0,"menu_order":0,"comment_status":"closed","ping_status":"closed","template":"","meta":[],"_links":{"self":[{"href":"https:\/\/www.paroquiafatima.pt\/paroquia\/index.php?rest_route=\/wp\/v2\/pages\/108"}],"collection":[{"href":"https:\/\/www.paroquiafatima.pt\/paroquia\/index.php?rest_route=\/wp\/v2\/pages"}],"about":[{"href":"https:\/\/www.paroquiafatima.pt\/paroquia\/index.php?rest_route=\/wp\/v2\/types\/page"}],"author":[{"embeddable":true,"href":"https:\/\/www.paroquiafatima.pt\/paroquia\/index.php?rest_route=\/wp\/v2\/users\/7"}],"replies":[{"embeddable":true,"href":"https:\/\/www.paroquiafatima.pt\/paroquia\/index.php?rest_route=%2Fwp%2Fv2%2Fcomments&post=108"}],"version-history":[{"count":4,"href":"https:\/\/www.paroquiafatima.pt\/paroquia\/index.php?rest_route=\/wp\/v2\/pages\/108\/revisions"}],"predecessor-version":[{"id":6210,"href":"https:\/\/www.paroquiafatima.pt\/paroquia\/index.php?rest_route=\/wp\/v2\/pages\/108\/revisions\/6210"}],"wp:attachment":[{"href":"https:\/\/www.paroquiafatima.pt\/paroquia\/index.php?rest_route=%2Fwp%2Fv2%2Fmedia&parent=108"}],"curies":[{"name":"wp","href":"https:\/\/api.w.org\/{rel}","templated":true}]}}