{"id":102,"date":"2016-05-31T13:47:57","date_gmt":"2016-05-31T13:47:57","guid":{"rendered":"http:\/\/sandradinis.info\/paroquia\/?page_id=102"},"modified":"2016-07-07T10:51:54","modified_gmt":"2016-07-07T10:51:54","slug":"escola-de-musica","status":"publish","type":"page","link":"https:\/\/www.paroquiafatima.pt\/paroquia\/?page_id=102","title":{"rendered":"Escola de M\u00fasica"},"content":{"rendered":"<h3>Breve descri\u00e7\u00e3o do servi\u00e7o<\/h3>\n<p>Corria o ano de 1979 na jovem par\u00f3quia de Nossa Senhora de F\u00e1tima, Padre Artur Coutinho, p\u00e1roco desta comunidade deu in\u00edcio a um projeto inovador, que ainda hoje \u00e9 muito importante nesta par\u00f3quia e na cidade, que \u00e9 a escola de m\u00fasica da Par\u00f3quia de Nossa Senhora de F\u00e1tima;<br \/>\nInicialmente com objetivos convergentes com a din\u00e2mica da Igreja, sobretudo pela necessidade de descoberta de potenciais tocadores de \u00f3rg\u00e3o para a eucaristia, e como forma de promover alguma forma\u00e7\u00e3o para os participantes no grupo coral, esta escola de m\u00fasica dava os primeiros passos na Sacristia da Igreja, dispondo apenas de um \u00f3rg\u00e3o e de uma pequena sala.<br \/>\nForam v\u00e1rios os professores que por c\u00e1 passaram:<br \/>\n&#8211; Professor Manuel Esteves<br \/>\n&#8211; Padre Jos\u00e9 Lima<br \/>\n&#8211; Professor Fernando Barrocas<br \/>\n&#8211; Professor Diogo Pires<br \/>\n&#8211; Professor J\u00falio Viana<br \/>\n&#8211; Professora Maria Jo\u00e3o Oliveira<br \/>\n&#8211; Professora Maria Manuel Oliveira<br \/>\n&#8211; Professor Jo\u00e3o S\u00e1<br \/>\n&#8211; Professor Lu\u00eds Branco<br \/>\n&#8211; Professor Abel Coelho<br \/>\n&#8211; Entre outros\u2026<\/p>\n<p><b>Atualmente \u00e9 lecionado:<\/b><br \/>\n&#8211; O \u00d3rg\u00e3o e Piano por parte do professor Lu\u00eds Branco que tamb\u00e9m dinamiza a Forma\u00e7\u00e3o Musical (solfejo);<br \/>\n&#8211; A Viola e a Guitarra est\u00e1 a cargo do professor Abel Coelho com a sua capacidade de cativa\u00e7\u00e3o dos jovens que por ali passam;<br \/>\n&#8211; O Cavaquinho por parte do professor Jo\u00e3o S\u00e1.<\/p>\n<p>O grupo de cavaquinho em 1995 procedeu \u00e0 grava\u00e7\u00e3o de uma cassete. Com a cassete gravada, o grupo teve um enorme sucesso, tendo participado em numerosos espet\u00e1culos um pouco por toda a regi\u00e3o norte.<br \/>\nFoi ainda gravado um CD \u201cPlaneta Terra\u201d produzido pelo Clube do Sol, do Clube de Guitarras da Par\u00f3quia. O CD foi gravado e reverteu a favor do Ber\u00e7o.<\/p>\n<p>&nbsp;<\/p>\n<h3>Objetivos<\/h3>\n<p>&#8211; Despertar para a sensibilidade musical;<br \/>\n&#8211; Dotar os jovens de conhecimentos musicais e t\u00e9cnicas do instrumento que toca.<br \/>\n&#8211; Descobrir e encaminhar, para escolas oficiais, crian\u00e7as ou jovens que se revelem vocacionados para a m\u00fasica.<br \/>\n&#8211; Al\u00e9m do ensino uma parte important\u00edssima \u00e9 a vertente social a quem d\u00e1-mos muita aten\u00e7\u00e3o.<\/p>\n<p>&nbsp;<\/p>\n<h3>Atividades<\/h3>\n<p>&#8211; Cavaquinho;<br \/>\n&#8211; Piano;<br \/>\n&#8211; \u00d3rg\u00e3o;<br \/>\n&#8211; Forma\u00e7\u00e3o Musical;<br \/>\n&#8211; Guitarra;<br \/>\n&#8211; Diversas atua\u00e7\u00f5es quase sempre de cariz solid\u00e1rio.<\/p>\n<p>Estes s\u00e3o os instrumentos que de momento se aprende na Escola n\u00e3o quer dizer que n\u00e3o possa haver outros dependendo sempre do n\u00famero de alunos.<br \/>\nCada aluno tem o seu instrumento, ao qual p\u00f5e ao servi\u00e7o da Escola sempre que necess\u00e1rio, para desloca\u00e7\u00f5es transporte pr\u00f3prio.<\/p>\n<p><b>Cavaquinho<\/b><br \/>\n&#8211; O Cavaquinho \u00e9 o mais popular dos instrumentos de cordas portugueses. Toca-se geralmente de \u201cRASGADO\u201d como instrumento Harm\u00f3nico para acompanhamento, outra t\u00e9cnica de tocar \u00e9 o \u201cPONTEADO\u201d onde se executa a melodia.<\/p>\n<p><b>Guitarra<\/b><br \/>\n&#8211; As aulas de GUITARRA visam introduzir o aluno ao mundo musical tendo por companheira a Guitarra. Tratando-se de um instrumento Ritmo-Mel\u00f3dico e enraizado na nossa cultura local e mundial torna-se num instrumento vers\u00e1til.<br \/>\nAs aulas est\u00e3o estruturadas de forma a que o aluno possa desenvolver t\u00e9cnica e pr\u00e1tica com apoio de material te\u00f3rico.<\/p>\n<p>&nbsp;<\/p>\n<div class=\"synved-social-container synved-social-container-share\" style=\"text-align: center\"><a class=\"synved-social-button synved-social-button-share synved-social-size-24 synved-social-resolution-single synved-social-provider-facebook nolightbox\" data-provider=\"facebook\" target=\"_blank\" rel=\"nofollow\" title=\"Share on Facebook\" href=\"http:\/\/www.facebook.com\/sharer.php?u=https%3A%2F%2Fwww.paroquiafatima.pt%2Fparoquia%2Findex.php%3Frest_route%3D%252Fwp%252Fv2%252Fpages%252F102&#038;t=Escola%20de%20M%C3%BAsica&#038;s=100&#038;p&#091;url&#093;=https%3A%2F%2Fwww.paroquiafatima.pt%2Fparoquia%2Findex.php%3Frest_route%3D%252Fwp%252Fv2%252Fpages%252F102&#038;p&#091;images&#093;&#091;0&#093;=&#038;p&#091;title&#093;=Escola%20de%20M%C3%BAsica\" style=\"font-size: 0px; width:24px;height:24px;margin:0;margin-bottom:7px;margin-right:7px;\"><img alt=\"Facebook\" title=\"Share on Facebook\" class=\"synved-share-image synved-social-image synved-social-image-share\" width=\"24\" height=\"24\" style=\"display: inline; width:24px;height:24px; margin: 0; padding: 0; border: none; box-shadow: none;\" src=\"https:\/\/www.paroquiafatima.pt\/paroquia\/wp-content\/plugins\/social-media-feather\/synved-social\/image\/social\/regular\/48x48\/facebook.png\" \/><\/a><a class=\"synved-social-button synved-social-button-share synved-social-size-24 synved-social-resolution-single synved-social-provider-twitter nolightbox\" data-provider=\"twitter\" target=\"_blank\" rel=\"nofollow\" title=\"Share on Twitter\" href=\"https:\/\/twitter.com\/intent\/tweet?url=https%3A%2F%2Fwww.paroquiafatima.pt%2Fparoquia%2Findex.php%3Frest_route%3D%252Fwp%252Fv2%252Fpages%252F102&#038;text=Hey%20check%20this%20out\" style=\"font-size: 0px; width:24px;height:24px;margin:0;margin-bottom:7px;margin-right:7px;\"><img alt=\"twitter\" title=\"Share on Twitter\" class=\"synved-share-image synved-social-image synved-social-image-share\" width=\"24\" height=\"24\" style=\"display: inline; width:24px;height:24px; margin: 0; padding: 0; border: none; box-shadow: none;\" src=\"https:\/\/www.paroquiafatima.pt\/paroquia\/wp-content\/plugins\/social-media-feather\/synved-social\/image\/social\/regular\/48x48\/twitter.png\" \/><\/a><a class=\"synved-social-button synved-social-button-share synved-social-size-24 synved-social-resolution-single synved-social-provider-mail nolightbox\" data-provider=\"mail\" rel=\"nofollow\" title=\"Share by email\" href=\"mailto:?subject=Escola%20de%20M%C3%BAsica&#038;body=Hey%20check%20this%20out:%20https%3A%2F%2Fwww.paroquiafatima.pt%2Fparoquia%2Findex.php%3Frest_route%3D%252Fwp%252Fv2%252Fpages%252F102\" style=\"font-size: 0px; width:24px;height:24px;margin:0;margin-bottom:7px;\"><img alt=\"mail\" title=\"Share by email\" class=\"synved-share-image synved-social-image synved-social-image-share\" width=\"24\" height=\"24\" style=\"display: inline; width:24px;height:24px; margin: 0; padding: 0; border: none; box-shadow: none;\" src=\"https:\/\/www.paroquiafatima.pt\/paroquia\/wp-content\/plugins\/social-media-feather\/synved-social\/image\/social\/regular\/48x48\/mail.png\" \/><\/a><\/div>","protected":false},"excerpt":{"rendered":"<p>Breve descri\u00e7\u00e3o do servi\u00e7o Corria o ano de 1979 na jovem par\u00f3quia de Nossa Senhora de F\u00e1tima, Padre Artur Coutinho, p\u00e1roco desta comunidade deu in\u00edcio a um projeto inovador, que ainda hoje \u00e9 muito importante nesta par\u00f3quia e na cidade, que \u00e9 a escola de m\u00fasica da Par\u00f3quia de Nossa [&hellip;]<\/p>\n","protected":false},"author":7,"featured_media":0,"parent":0,"menu_order":0,"comment_status":"closed","ping_status":"closed","template":"","meta":[],"_links":{"self":[{"href":"https:\/\/www.paroquiafatima.pt\/paroquia\/index.php?rest_route=\/wp\/v2\/pages\/102"}],"collection":[{"href":"https:\/\/www.paroquiafatima.pt\/paroquia\/index.php?rest_route=\/wp\/v2\/pages"}],"about":[{"href":"https:\/\/www.paroquiafatima.pt\/paroquia\/index.php?rest_route=\/wp\/v2\/types\/page"}],"author":[{"embeddable":true,"href":"https:\/\/www.paroquiafatima.pt\/paroquia\/index.php?rest_route=\/wp\/v2\/users\/7"}],"replies":[{"embeddable":true,"href":"https:\/\/www.paroquiafatima.pt\/paroquia\/index.php?rest_route=%2Fwp%2Fv2%2Fcomments&post=102"}],"version-history":[{"count":2,"href":"https:\/\/www.paroquiafatima.pt\/paroquia\/index.php?rest_route=\/wp\/v2\/pages\/102\/revisions"}],"predecessor-version":[{"id":1405,"href":"https:\/\/www.paroquiafatima.pt\/paroquia\/index.php?rest_route=\/wp\/v2\/pages\/102\/revisions\/1405"}],"wp:attachment":[{"href":"https:\/\/www.paroquiafatima.pt\/paroquia\/index.php?rest_route=%2Fwp%2Fv2%2Fmedia&parent=102"}],"curies":[{"name":"wp","href":"https:\/\/api.w.org\/{rel}","templated":true}]}}