{"id":100,"date":"2016-05-31T13:47:41","date_gmt":"2016-05-31T13:47:41","guid":{"rendered":"http:\/\/sandradinis.info\/paroquia\/?page_id=100"},"modified":"2016-06-27T21:50:24","modified_gmt":"2016-06-27T21:50:24","slug":"rendimento-social-de-insercao","status":"publish","type":"page","link":"https:\/\/www.paroquiafatima.pt\/paroquia\/?page_id=100","title":{"rendered":"Rendimento Social de Inser\u00e7\u00e3o"},"content":{"rendered":"<h3>Breve descri\u00e7\u00e3o da resposta social<\/h3>\n<p>Apoio para indiv\u00edduos e fam\u00edlias mais pobres constitu\u00eddo por:<br \/>\n&#8211; um contrato de inser\u00e7\u00e3o para os ajudar a integrar-se social e profissionalmente ;<br \/>\n&#8211; uma presta\u00e7\u00e3o em dinheiro para a satisfa\u00e7\u00e3o das suas necessidades b\u00e1sicas.<br \/>\nAs pessoas, para receberem o Rendimento Social de Inser\u00e7\u00e3o Social, celebram e assinam um Contrato de Inser\u00e7\u00e3o do qual consta um conjunto de direitos e deveres com vista a sua integra\u00e7\u00e3o social e profissional.<\/p>\n<p>&nbsp;<\/p>\n<h3>Objetivos da resposta social<\/h3>\n<p>&#8211; Criar condi\u00e7\u00f5es facilitadoras da inser\u00e7\u00e3o social e profissional dos benefici\u00e1rios de RSI<\/p>\n<p>&nbsp;<\/p>\n<h3>Servi\u00e7os prestados e recursos<\/h3>\n<p>&#8211; Avalia\u00e7\u00e3o de requerimentos de RSI atendimento e acompanhamento social na Uni\u00e3o de freguesias de (Santa Maria Maior e Monserrate) e Meadela.<\/p>\n<p>&nbsp;<\/p>\n<h3>Atividades<\/h3>\n<p>&#8211; Esta presta\u00e7\u00e3o deve ser requerida nos servi\u00e7os de atendimento da seguran\u00e7a social.<br \/>\n&#8211; Para mais informa\u00e7\u00f5es consultar:<br \/>\n<a href=\"http:\/\/www.segsocial.pt\/documents\/10152\/15010\/rendimento_social_insercao\" target=\"_blank\">Seguran\u00e7a Social<\/a><\/p>\n<p>&nbsp;<\/p>\n<h3>Organiza\u00e7\u00e3o interna<\/h3>\n<p><strong>&#8211; Dire\u00e7\u00e3o:<\/strong><br \/>\nCompete \u00e0 Dire\u00e7\u00e3o do Centro Social e Paroquial de Nossa Senhora de F\u00e1tima aprovar todas as atividades desenvolvidas na resposta social e supervisionar a gest\u00e3o de recursos humanos, econ\u00f3micos e financeiros assim como os servi\u00e7os que s\u00e3o prestados.<br \/>\n<strong>&#8211; Coordena\u00e7\u00e3o T\u00e9cnica:<\/strong><br \/>\nO Rendimento Social de Inser\u00e7\u00e3o \u00e9 coordenado por um t\u00e9cnico superior, que em termos hier\u00e1rquicos, responde perante a dire\u00e7\u00e3o do Centro Social e Paroquial de Nossa Senhora de F\u00e1tima, pelo funcionamento, disciplina e efici\u00eancia dos servi\u00e7os.<br \/>\n<strong>&#8211; Equipa T\u00e9cnica:<\/strong><br \/>\nT\u00e9cnica Superior de Servi\u00e7o Social<br \/>\nPsic\u00f3loga<br \/>\n<strong>&#8211; Equipa n\u00e3o T\u00e9cnica:<\/strong><br \/>\nAjudantes de A\u00e7\u00e3o Direta<\/p>\n<p>&nbsp;<\/p>\n<div class=\"synved-social-container synved-social-container-share\" style=\"text-align: center\"><a class=\"synved-social-button synved-social-button-share synved-social-size-24 synved-social-resolution-single synved-social-provider-facebook nolightbox\" data-provider=\"facebook\" target=\"_blank\" rel=\"nofollow\" title=\"Share on Facebook\" href=\"http:\/\/www.facebook.com\/sharer.php?u=https%3A%2F%2Fwww.paroquiafatima.pt%2Fparoquia%2Findex.php%3Frest_route%3D%252Fwp%252Fv2%252Fpages%252F100&#038;t=Rendimento%20Social%20de%20Inser%C3%A7%C3%A3o&#038;s=100&#038;p&#091;url&#093;=https%3A%2F%2Fwww.paroquiafatima.pt%2Fparoquia%2Findex.php%3Frest_route%3D%252Fwp%252Fv2%252Fpages%252F100&#038;p&#091;images&#093;&#091;0&#093;=&#038;p&#091;title&#093;=Rendimento%20Social%20de%20Inser%C3%A7%C3%A3o\" style=\"font-size: 0px; width:24px;height:24px;margin:0;margin-bottom:7px;margin-right:7px;\"><img alt=\"Facebook\" title=\"Share on Facebook\" class=\"synved-share-image synved-social-image synved-social-image-share\" width=\"24\" height=\"24\" style=\"display: inline; width:24px;height:24px; margin: 0; padding: 0; border: none; box-shadow: none;\" src=\"https:\/\/www.paroquiafatima.pt\/paroquia\/wp-content\/plugins\/social-media-feather\/synved-social\/image\/social\/regular\/48x48\/facebook.png\" \/><\/a><a class=\"synved-social-button synved-social-button-share synved-social-size-24 synved-social-resolution-single synved-social-provider-twitter nolightbox\" data-provider=\"twitter\" target=\"_blank\" rel=\"nofollow\" title=\"Share on Twitter\" href=\"https:\/\/twitter.com\/intent\/tweet?url=https%3A%2F%2Fwww.paroquiafatima.pt%2Fparoquia%2Findex.php%3Frest_route%3D%252Fwp%252Fv2%252Fpages%252F100&#038;text=Hey%20check%20this%20out\" style=\"font-size: 0px; width:24px;height:24px;margin:0;margin-bottom:7px;margin-right:7px;\"><img alt=\"twitter\" title=\"Share on Twitter\" class=\"synved-share-image synved-social-image synved-social-image-share\" width=\"24\" height=\"24\" style=\"display: inline; width:24px;height:24px; margin: 0; padding: 0; border: none; box-shadow: none;\" src=\"https:\/\/www.paroquiafatima.pt\/paroquia\/wp-content\/plugins\/social-media-feather\/synved-social\/image\/social\/regular\/48x48\/twitter.png\" \/><\/a><a class=\"synved-social-button synved-social-button-share synved-social-size-24 synved-social-resolution-single synved-social-provider-mail nolightbox\" data-provider=\"mail\" rel=\"nofollow\" title=\"Share by email\" href=\"mailto:?subject=Rendimento%20Social%20de%20Inser%C3%A7%C3%A3o&#038;body=Hey%20check%20this%20out:%20https%3A%2F%2Fwww.paroquiafatima.pt%2Fparoquia%2Findex.php%3Frest_route%3D%252Fwp%252Fv2%252Fpages%252F100\" style=\"font-size: 0px; width:24px;height:24px;margin:0;margin-bottom:7px;\"><img alt=\"mail\" title=\"Share by email\" class=\"synved-share-image synved-social-image synved-social-image-share\" width=\"24\" height=\"24\" style=\"display: inline; width:24px;height:24px; margin: 0; padding: 0; border: none; box-shadow: none;\" src=\"https:\/\/www.paroquiafatima.pt\/paroquia\/wp-content\/plugins\/social-media-feather\/synved-social\/image\/social\/regular\/48x48\/mail.png\" \/><\/a><\/div>","protected":false},"excerpt":{"rendered":"<p>Breve descri\u00e7\u00e3o da resposta social Apoio para indiv\u00edduos e fam\u00edlias mais pobres constitu\u00eddo por: &#8211; um contrato de inser\u00e7\u00e3o para os ajudar a integrar-se social e profissionalmente ; &#8211; uma presta\u00e7\u00e3o em dinheiro para a satisfa\u00e7\u00e3o das suas necessidades b\u00e1sicas. As pessoas, para receberem o Rendimento Social de Inser\u00e7\u00e3o Social, [&hellip;]<\/p>\n","protected":false},"author":7,"featured_media":0,"parent":0,"menu_order":0,"comment_status":"closed","ping_status":"closed","template":"","meta":[],"_links":{"self":[{"href":"https:\/\/www.paroquiafatima.pt\/paroquia\/index.php?rest_route=\/wp\/v2\/pages\/100"}],"collection":[{"href":"https:\/\/www.paroquiafatima.pt\/paroquia\/index.php?rest_route=\/wp\/v2\/pages"}],"about":[{"href":"https:\/\/www.paroquiafatima.pt\/paroquia\/index.php?rest_route=\/wp\/v2\/types\/page"}],"author":[{"embeddable":true,"href":"https:\/\/www.paroquiafatima.pt\/paroquia\/index.php?rest_route=\/wp\/v2\/users\/7"}],"replies":[{"embeddable":true,"href":"https:\/\/www.paroquiafatima.pt\/paroquia\/index.php?rest_route=%2Fwp%2Fv2%2Fcomments&post=100"}],"version-history":[{"count":0,"href":"https:\/\/www.paroquiafatima.pt\/paroquia\/index.php?rest_route=\/wp\/v2\/pages\/100\/revisions"}],"wp:attachment":[{"href":"https:\/\/www.paroquiafatima.pt\/paroquia\/index.php?rest_route=%2Fwp%2Fv2%2Fmedia&parent=100"}],"curies":[{"name":"wp","href":"https:\/\/api.w.org\/{rel}","templated":true}]}}